{"id":956,"date":"2023-01-19T13:21:40","date_gmt":"2023-01-19T12:21:40","guid":{"rendered":"https:\/\/www.esd-akademie.de\/leistungen\/"},"modified":"2023-01-30T11:59:07","modified_gmt":"2023-01-30T10:59:07","slug":"services","status":"publish","type":"page","link":"https:\/\/www.esd-akademie.de\/en\/services\/","title":{"rendered":"Services"},"content":{"rendered":"\t\t<div data-elementor-type=\"wp-page\" data-elementor-id=\"956\" class=\"elementor elementor-956 elementor-592\" data-elementor-post-type=\"page\">\n\t\t\t\t\t\t<section class=\"elementor-section elementor-top-section elementor-element elementor-element-26ec04c2 elementor-section-stretched elementor-section-content-middle elementor-section-height-min-height elementor-section-boxed elementor-section-height-default elementor-section-items-middle\" data-id=\"26ec04c2\" data-element_type=\"section\" data-e-type=\"section\" data-settings=\"{&quot;stretch_section&quot;:&quot;section-stretched&quot;,&quot;background_background&quot;:&quot;classic&quot;}\">\n\t\t\t\t\t\t<div class=\"elementor-container elementor-column-gap-default\">\n\t\t\t\t\t<div class=\"elementor-column elementor-col-50 elementor-top-column elementor-element elementor-element-63e52b85\" data-id=\"63e52b85\" data-element_type=\"column\" data-e-type=\"column\">\n\t\t\t<div class=\"elementor-widget-wrap elementor-element-populated\">\n\t\t\t\t\t\t<section class=\"elementor-section elementor-inner-section elementor-element elementor-element-74c7614 elementor-section-boxed elementor-section-height-default elementor-section-height-default\" data-id=\"74c7614\" data-element_type=\"section\" data-e-type=\"section\">\n\t\t\t\t\t\t<div class=\"elementor-container elementor-column-gap-default\">\n\t\t\t\t\t<div class=\"elementor-column elementor-col-100 elementor-inner-column elementor-element elementor-element-7274c440\" data-id=\"7274c440\" data-element_type=\"column\" data-e-type=\"column\">\n\t\t\t<div class=\"elementor-widget-wrap elementor-element-populated\">\n\t\t\t\t\t\t<div class=\"elementor-element elementor-element-5295748 elementor-widget elementor-widget-heading\" data-id=\"5295748\" data-element_type=\"widget\" data-e-type=\"widget\" data-widget_type=\"heading.default\">\n\t\t\t\t<div class=\"elementor-widget-container\">\n\t\t\t\t\t<h5 class=\"elementor-heading-title elementor-size-default\">Das komplette ESD-Programm:<\/h5>\t\t\t\t<\/div>\n\t\t\t\t<\/div>\n\t\t\t\t<div class=\"elementor-element elementor-element-1029d46f elementor-widget elementor-widget-heading\" data-id=\"1029d46f\" data-element_type=\"widget\" data-e-type=\"widget\" data-widget_type=\"heading.default\">\n\t\t\t\t<div class=\"elementor-widget-container\">\n\t\t\t\t\t<h2 class=\"elementor-heading-title elementor-size-default\">Von A wie Audit ...<\/h2>\t\t\t\t<\/div>\n\t\t\t\t<\/div>\n\t\t\t\t<div class=\"elementor-element elementor-element-75f1919c elementor-widget elementor-widget-heading\" data-id=\"75f1919c\" data-element_type=\"widget\" data-e-type=\"widget\" data-widget_type=\"heading.default\">\n\t\t\t\t<div class=\"elementor-widget-container\">\n\t\t\t\t\t<h3 class=\"elementor-heading-title elementor-size-default\">... bis Z wie Zertifizierung!<\/h3>\t\t\t\t<\/div>\n\t\t\t\t<\/div>\n\t\t\t\t\t<\/div>\n\t\t<\/div>\n\t\t\t\t\t<\/div>\n\t\t<\/section>\n\t\t\t\t\t<\/div>\n\t\t<\/div>\n\t\t\t\t<div class=\"elementor-column elementor-col-50 elementor-top-column elementor-element elementor-element-1991a0ee\" data-id=\"1991a0ee\" data-element_type=\"column\" data-e-type=\"column\">\n\t\t\t<div class=\"elementor-widget-wrap\">\n\t\t\t\t\t\t\t<\/div>\n\t\t<\/div>\n\t\t\t\t\t<\/div>\n\t\t<\/section>\n\t\t\t\t<section class=\"elementor-section elementor-top-section elementor-element elementor-element-65126b32 elementor-section-boxed elementor-section-height-default elementor-section-height-default\" data-id=\"65126b32\" data-element_type=\"section\" data-e-type=\"section\" data-settings=\"{&quot;background_background&quot;:&quot;classic&quot;}\">\n\t\t\t\t\t\t<div class=\"elementor-container elementor-column-gap-default\">\n\t\t\t\t\t<div class=\"elementor-column elementor-col-33 elementor-top-column elementor-element elementor-element-638362c5\" data-id=\"638362c5\" data-element_type=\"column\" data-e-type=\"column\" data-settings=\"{&quot;background_background&quot;:&quot;classic&quot;}\">\n\t\t\t<div class=\"elementor-widget-wrap elementor-element-populated\">\n\t\t\t\t\t\t<div class=\"elementor-element elementor-element-71c99abd elementor-widget elementor-widget-heading\" data-id=\"71c99abd\" data-element_type=\"widget\" data-e-type=\"widget\" data-widget_type=\"heading.default\">\n\t\t\t\t<div class=\"elementor-widget-container\">\n\t\t\t\t\t<h4 class=\"elementor-heading-title elementor-size-default\">ESD-Audits &amp;\nZertifizierung<\/h4>\t\t\t\t<\/div>\n\t\t\t\t<\/div>\n\t\t\t\t<div class=\"elementor-element elementor-element-7dfadfc1 elementor-widget elementor-widget-image\" data-id=\"7dfadfc1\" data-element_type=\"widget\" data-e-type=\"widget\" data-widget_type=\"image.default\">\n\t\t\t\t<div class=\"elementor-widget-container\">\n\t\t\t\t\t\t\t\t\t\t\t\t\t\t\t<img decoding=\"async\" width=\"158\" height=\"158\" src=\"https:\/\/www.esd-akademie.de\/wp-content\/uploads\/2023\/01\/Zertifizierung.png\" class=\"attachment-large size-large wp-image-47\" alt=\"\" srcset=\"https:\/\/www.esd-akademie.de\/wp-content\/uploads\/2023\/01\/Zertifizierung.png 158w, https:\/\/www.esd-akademie.de\/wp-content\/uploads\/2023\/01\/Zertifizierung-150x150.png 150w\" sizes=\"(max-width: 158px) 100vw, 158px\" \/>\t\t\t\t\t\t\t\t\t\t\t\t\t\t\t<\/div>\n\t\t\t\t<\/div>\n\t\t\t\t<div class=\"elementor-element elementor-element-5dfbab77 elementor-align-center elementor-widget elementor-widget-button\" data-id=\"5dfbab77\" data-element_type=\"widget\" data-e-type=\"widget\" data-widget_type=\"button.default\">\n\t\t\t\t<div class=\"elementor-widget-container\">\n\t\t\t\t\t\t\t\t\t<div class=\"elementor-button-wrapper\">\n\t\t\t\t\t<a class=\"elementor-button elementor-button-link elementor-size-sm\" href=\"https:\/\/www.esd-protect.de\/de\/kompetenz\/esd-produktentwicklung\/\">\n\t\t\t\t\t\t<span class=\"elementor-button-content-wrapper\">\n\t\t\t\t\t\t\t\t\t<span class=\"elementor-button-text\">mehr Info<\/span>\n\t\t\t\t\t<\/span>\n\t\t\t\t\t<\/a>\n\t\t\t\t<\/div>\n\t\t\t\t\t\t\t\t<\/div>\n\t\t\t\t<\/div>\n\t\t\t\t\t<\/div>\n\t\t<\/div>\n\t\t\t\t<div class=\"elementor-column elementor-col-33 elementor-top-column elementor-element elementor-element-105a6ce4\" data-id=\"105a6ce4\" data-element_type=\"column\" data-e-type=\"column\" data-settings=\"{&quot;background_background&quot;:&quot;classic&quot;}\">\n\t\t\t<div class=\"elementor-widget-wrap elementor-element-populated\">\n\t\t\t\t\t\t<div class=\"elementor-element elementor-element-1c7c00d9 elementor-widget elementor-widget-heading\" data-id=\"1c7c00d9\" data-element_type=\"widget\" data-e-type=\"widget\" data-widget_type=\"heading.default\">\n\t\t\t\t<div class=\"elementor-widget-container\">\n\t\t\t\t\t<h4 class=\"elementor-heading-title elementor-size-default\">ESD-Service\n&amp; Consulting<\/h4>\t\t\t\t<\/div>\n\t\t\t\t<\/div>\n\t\t\t\t<div class=\"elementor-element elementor-element-e7a43de elementor-widget elementor-widget-image\" data-id=\"e7a43de\" data-element_type=\"widget\" data-e-type=\"widget\" data-widget_type=\"image.default\">\n\t\t\t\t<div class=\"elementor-widget-container\">\n\t\t\t\t\t\t\t\t\t\t\t\t\t\t\t<img decoding=\"async\" width=\"158\" height=\"158\" src=\"https:\/\/www.esd-akademie.de\/wp-content\/uploads\/2023\/01\/csm_Consulting-online_b5e0510612.png\" class=\"attachment-large size-large wp-image-49\" alt=\"\" srcset=\"https:\/\/www.esd-akademie.de\/wp-content\/uploads\/2023\/01\/csm_Consulting-online_b5e0510612.png 158w, https:\/\/www.esd-akademie.de\/wp-content\/uploads\/2023\/01\/csm_Consulting-online_b5e0510612-150x150.png 150w\" sizes=\"(max-width: 158px) 100vw, 158px\" \/>\t\t\t\t\t\t\t\t\t\t\t\t\t\t\t<\/div>\n\t\t\t\t<\/div>\n\t\t\t\t<div class=\"elementor-element elementor-element-3cd247d elementor-align-center elementor-widget elementor-widget-button\" data-id=\"3cd247d\" data-element_type=\"widget\" data-e-type=\"widget\" data-widget_type=\"button.default\">\n\t\t\t\t<div class=\"elementor-widget-container\">\n\t\t\t\t\t\t\t\t\t<div class=\"elementor-button-wrapper\">\n\t\t\t\t\t<a class=\"elementor-button elementor-button-link elementor-size-sm\" href=\"https:\/\/www.esd-protect.de\/de\/kompetenz\/esd-kunststofftechnik\/\">\n\t\t\t\t\t\t<span class=\"elementor-button-content-wrapper\">\n\t\t\t\t\t\t\t\t\t<span class=\"elementor-button-text\">zum Shop<\/span>\n\t\t\t\t\t<\/span>\n\t\t\t\t\t<\/a>\n\t\t\t\t<\/div>\n\t\t\t\t\t\t\t\t<\/div>\n\t\t\t\t<\/div>\n\t\t\t\t\t<\/div>\n\t\t<\/div>\n\t\t\t\t<div class=\"elementor-column elementor-col-33 elementor-top-column elementor-element elementor-element-62105559\" data-id=\"62105559\" data-element_type=\"column\" data-e-type=\"column\" data-settings=\"{&quot;background_background&quot;:&quot;classic&quot;}\">\n\t\t\t<div class=\"elementor-widget-wrap elementor-element-populated\">\n\t\t\t\t\t\t<div class=\"elementor-element elementor-element-187b74df elementor-widget elementor-widget-heading\" data-id=\"187b74df\" data-element_type=\"widget\" data-e-type=\"widget\" data-widget_type=\"heading.default\">\n\t\t\t\t<div class=\"elementor-widget-container\">\n\t\t\t\t\t<h4 class=\"elementor-heading-title elementor-size-default\">ESD-Produkt-\nZertifizierung<\/h4>\t\t\t\t<\/div>\n\t\t\t\t<\/div>\n\t\t\t\t<div class=\"elementor-element elementor-element-65d8ce04 elementor-widget elementor-widget-image\" data-id=\"65d8ce04\" data-element_type=\"widget\" data-e-type=\"widget\" data-widget_type=\"image.default\">\n\t\t\t\t<div class=\"elementor-widget-container\">\n\t\t\t\t\t\t\t\t\t\t\t\t\t\t\t<img decoding=\"async\" width=\"158\" height=\"158\" src=\"https:\/\/www.esd-akademie.de\/wp-content\/uploads\/2023\/01\/Produktzertifizierung.png\" class=\"attachment-large size-large wp-image-51\" alt=\"\" srcset=\"https:\/\/www.esd-akademie.de\/wp-content\/uploads\/2023\/01\/Produktzertifizierung.png 158w, https:\/\/www.esd-akademie.de\/wp-content\/uploads\/2023\/01\/Produktzertifizierung-150x150.png 150w\" sizes=\"(max-width: 158px) 100vw, 158px\" \/>\t\t\t\t\t\t\t\t\t\t\t\t\t\t\t<\/div>\n\t\t\t\t<\/div>\n\t\t\t\t<div class=\"elementor-element elementor-element-4d5ace63 elementor-align-center elementor-widget elementor-widget-button\" data-id=\"4d5ace63\" data-element_type=\"widget\" data-e-type=\"widget\" data-widget_type=\"button.default\">\n\t\t\t\t<div class=\"elementor-widget-container\">\n\t\t\t\t\t\t\t\t\t<div class=\"elementor-button-wrapper\">\n\t\t\t\t\t<a class=\"elementor-button elementor-button-link elementor-size-sm\" href=\"https:\/\/www.esd-protect.de\/de\/kompetenz\/esd-branchenloesungen\/\">\n\t\t\t\t\t\t<span class=\"elementor-button-content-wrapper\">\n\t\t\t\t\t\t\t\t\t<span class=\"elementor-button-text\">mehr Info<\/span>\n\t\t\t\t\t<\/span>\n\t\t\t\t\t<\/a>\n\t\t\t\t<\/div>\n\t\t\t\t\t\t\t\t<\/div>\n\t\t\t\t<\/div>\n\t\t\t\t\t<\/div>\n\t\t<\/div>\n\t\t\t\t\t<\/div>\n\t\t<\/section>\n\t\t\t\t<section class=\"elementor-section elementor-top-section elementor-element elementor-element-4ca946bd elementor-section-height-min-height elementor-section-boxed elementor-section-height-default elementor-section-items-middle\" data-id=\"4ca946bd\" data-element_type=\"section\" data-e-type=\"section\" data-settings=\"{&quot;background_background&quot;:&quot;classic&quot;}\">\n\t\t\t\t\t\t<div class=\"elementor-container elementor-column-gap-default\">\n\t\t\t\t\t<div class=\"elementor-column elementor-col-100 elementor-top-column elementor-element elementor-element-7eaf7cca\" data-id=\"7eaf7cca\" data-element_type=\"column\" data-e-type=\"column\">\n\t\t\t<div class=\"elementor-widget-wrap elementor-element-populated\">\n\t\t\t\t\t\t<div class=\"elementor-element elementor-element-375a1175 elementor-widget elementor-widget-text-editor\" data-id=\"375a1175\" data-element_type=\"widget\" data-e-type=\"widget\" data-widget_type=\"text-editor.default\">\n\t\t\t\t<div class=\"elementor-widget-container\">\n\t\t\t\t\t\t\t\t\t<strong><a class=\"link-underline\"  href=\"https:\/\/www.esd-akademie.de\/de\/ueber-uns\/#c4862\">Zertifiziert nach DIN EN ISO 9001:2015<\/a><\/strong>\t\t\t\t\t\t\t\t<\/div>\n\t\t\t\t<\/div>\n\t\t\t\t\t<\/div>\n\t\t<\/div>\n\t\t\t\t\t<\/div>\n\t\t<\/section>\n\t\t\t\t<section class=\"elementor-section elementor-top-section elementor-element elementor-element-4c8c6a6 elementor-section-boxed elementor-section-height-default elementor-section-height-default\" data-id=\"4c8c6a6\" data-element_type=\"section\" data-e-type=\"section\">\n\t\t\t\t\t\t<div class=\"elementor-container elementor-column-gap-default\">\n\t\t\t\t\t<div class=\"elementor-column elementor-col-100 elementor-top-column elementor-element elementor-element-bb1c074\" data-id=\"bb1c074\" data-element_type=\"column\" data-e-type=\"column\">\n\t\t\t<div class=\"elementor-widget-wrap elementor-element-populated\">\n\t\t\t\t\t\t<div class=\"elementor-element elementor-element-d21e2a9 elementor-widget elementor-widget-heading\" data-id=\"d21e2a9\" data-element_type=\"widget\" data-e-type=\"widget\" data-widget_type=\"heading.default\">\n\t\t\t\t<div class=\"elementor-widget-container\">\n\t\t\t\t\t<h5 class=\"elementor-heading-title elementor-size-default\">Internationales Angebot<\/h5>\t\t\t\t<\/div>\n\t\t\t\t<\/div>\n\t\t\t\t<div class=\"elementor-element elementor-element-4c96e09 elementor-widget elementor-widget-text-editor\" data-id=\"4c96e09\" data-element_type=\"widget\" data-e-type=\"widget\" data-widget_type=\"text-editor.default\">\n\t\t\t\t<div class=\"elementor-widget-container\">\n\t\t\t\t\t\t\t\t\t<ul><li>Schulungen und Workshops f\u00fcr internationale, namhafte Unternehmen<\/li><li>Von uns gepr\u00fcfte und zertifizierte Fertigungsanlagen kommen weltweit zum Einsatz<\/li><li>Leistungen nach europ\u00e4ischer IEC (DIN EN) 61340-5-1 und amerikanischer ESD-Norm ANSI\/ESD S.20.20<\/li><li>Unsere Dienstleistungen bieten wir auch in den VAE \u00fcber unseren Standort in Dubai an<\/li><\/ul>\t\t\t\t\t\t\t\t<\/div>\n\t\t\t\t<\/div>\n\t\t\t\t<div class=\"elementor-element elementor-element-469624b elementor-widget elementor-widget-image\" data-id=\"469624b\" data-element_type=\"widget\" data-e-type=\"widget\" data-widget_type=\"image.default\">\n\t\t\t\t<div class=\"elementor-widget-container\">\n\t\t\t\t\t\t\t\t\t\t\t\t\t\t\t<img loading=\"lazy\" decoding=\"async\" width=\"627\" height=\"318\" src=\"https:\/\/www.esd-akademie.de\/wp-content\/uploads\/2023\/01\/Weltkarte-22-1.png\" class=\"attachment-large size-large wp-image-603\" alt=\"\" srcset=\"https:\/\/www.esd-akademie.de\/wp-content\/uploads\/2023\/01\/Weltkarte-22-1.png 627w, https:\/\/www.esd-akademie.de\/wp-content\/uploads\/2023\/01\/Weltkarte-22-1-300x152.png 300w\" sizes=\"(max-width: 627px) 100vw, 627px\" \/>\t\t\t\t\t\t\t\t\t\t\t\t\t\t\t<\/div>\n\t\t\t\t<\/div>\n\t\t\t\t<div class=\"elementor-element elementor-element-1460f9e elementor-widget elementor-widget-heading\" data-id=\"1460f9e\" data-element_type=\"widget\" data-e-type=\"widget\" data-widget_type=\"heading.default\">\n\t\t\t\t<div class=\"elementor-widget-container\">\n\t\t\t\t\t<h5 class=\"elementor-heading-title elementor-size-default\">Globale Ausrichtung<\/h5>\t\t\t\t<\/div>\n\t\t\t\t<\/div>\n\t\t\t\t<div class=\"elementor-element elementor-element-3fc9c74 elementor-widget elementor-widget-text-editor\" data-id=\"3fc9c74\" data-element_type=\"widget\" data-e-type=\"widget\" data-widget_type=\"text-editor.default\">\n\t\t\t\t<div class=\"elementor-widget-container\">\n\t\t\t\t\t\t\t\t\t<p>Um den zunehmenden Anfragen auf internationaler Ebene gerecht zu werden, bauen wir unsere Pr\u00e4senz in weiteren L\u00e4ndern aus.<\/p>\t\t\t\t\t\t\t\t<\/div>\n\t\t\t\t<\/div>\n\t\t\t\t\t<\/div>\n\t\t<\/div>\n\t\t\t\t\t<\/div>\n\t\t<\/section>\n\t\t\t\t<\/div>\n\t\t","protected":false},"excerpt":{"rendered":"<p>Das komplette ESD-Programm: Von A wie Audit &#8230; &#8230; bis Z wie Zertifizierung! ESD-Audits &amp; Zertifizierung mehr Info ESD-Service &amp; Consulting zum Shop ESD-Produkt- Zertifizierung mehr Info Zertifiziert nach DIN EN ISO 9001:2015 Internationales Angebot Schulungen und Workshops f\u00fcr internationale, namhafte Unternehmen Von uns gepr\u00fcfte und zertifizierte Fertigungsanlagen kommen weltweit zum Einsatz Leistungen nach europ\u00e4ischer [&hellip;]<\/p>\n","protected":false},"author":1,"featured_media":0,"parent":0,"menu_order":0,"comment_status":"closed","ping_status":"closed","template":"","meta":{"footnotes":""},"class_list":["post-956","page","type-page","status-publish","hentry"],"yoast_head":"<!-- This site is optimized with the Yoast SEO plugin v27.3 - https:\/\/yoast.com\/product\/yoast-seo-wordpress\/ -->\n<title>Services - www.esd-akademie.de<\/title>\n<meta name=\"robots\" content=\"index, follow, max-snippet:-1, max-image-preview:large, max-video-preview:-1\" \/>\n<link rel=\"canonical\" href=\"https:\/\/www.esd-akademie.de\/en\/services\/\" \/>\n<meta property=\"og:locale\" content=\"en_US\" \/>\n<meta property=\"og:type\" content=\"article\" \/>\n<meta property=\"og:title\" content=\"Services - www.esd-akademie.de\" \/>\n<meta property=\"og:description\" content=\"Das komplette ESD-Programm: Von A wie Audit &#8230; &#8230; bis Z wie Zertifizierung! ESD-Audits &amp; Zertifizierung mehr Info ESD-Service &amp; Consulting zum Shop ESD-Produkt- Zertifizierung mehr Info Zertifiziert nach DIN EN ISO 9001:2015 Internationales Angebot Schulungen und Workshops f\u00fcr internationale, namhafte Unternehmen Von uns gepr\u00fcfte und zertifizierte Fertigungsanlagen kommen weltweit zum Einsatz Leistungen nach europ\u00e4ischer [&hellip;]\" \/>\n<meta property=\"og:url\" content=\"https:\/\/www.esd-akademie.de\/en\/services\/\" \/>\n<meta property=\"og:site_name\" content=\"www.esd-akademie.de\" \/>\n<meta property=\"article:publisher\" content=\"https:\/\/www.facebook.com\/profile.php?id=100064158392962\" \/>\n<meta property=\"article:modified_time\" content=\"2023-01-30T10:59:07+00:00\" \/>\n<meta property=\"og:image\" content=\"https:\/\/www.esd-akademie.de\/wp-content\/uploads\/2023\/01\/Zertifizierung.png\" \/>\n<meta name=\"twitter:card\" content=\"summary_large_image\" \/>\n<meta name=\"twitter:label1\" content=\"Est. reading time\" \/>\n\t<meta name=\"twitter:data1\" content=\"2 minutes\" \/>\n<script type=\"application\/ld+json\" class=\"yoast-schema-graph\">{\"@context\":\"https:\\\/\\\/schema.org\",\"@graph\":[{\"@type\":\"WebPage\",\"@id\":\"https:\\\/\\\/www.esd-akademie.de\\\/en\\\/services\\\/\",\"url\":\"https:\\\/\\\/www.esd-akademie.de\\\/en\\\/services\\\/\",\"name\":\"Services - www.esd-akademie.de\",\"isPartOf\":{\"@id\":\"https:\\\/\\\/www.esd-akademie.de\\\/en\\\/#website\"},\"primaryImageOfPage\":{\"@id\":\"https:\\\/\\\/www.esd-akademie.de\\\/en\\\/services\\\/#primaryimage\"},\"image\":{\"@id\":\"https:\\\/\\\/www.esd-akademie.de\\\/en\\\/services\\\/#primaryimage\"},\"thumbnailUrl\":\"https:\\\/\\\/www.esd-akademie.de\\\/wp-content\\\/uploads\\\/2023\\\/01\\\/Zertifizierung.png\",\"datePublished\":\"2023-01-19T12:21:40+00:00\",\"dateModified\":\"2023-01-30T10:59:07+00:00\",\"breadcrumb\":{\"@id\":\"https:\\\/\\\/www.esd-akademie.de\\\/en\\\/services\\\/#breadcrumb\"},\"inLanguage\":\"en-US\",\"potentialAction\":[{\"@type\":\"ReadAction\",\"target\":[\"https:\\\/\\\/www.esd-akademie.de\\\/en\\\/services\\\/\"]}]},{\"@type\":\"ImageObject\",\"inLanguage\":\"en-US\",\"@id\":\"https:\\\/\\\/www.esd-akademie.de\\\/en\\\/services\\\/#primaryimage\",\"url\":\"https:\\\/\\\/www.esd-akademie.de\\\/wp-content\\\/uploads\\\/2023\\\/01\\\/Zertifizierung.png\",\"contentUrl\":\"https:\\\/\\\/www.esd-akademie.de\\\/wp-content\\\/uploads\\\/2023\\\/01\\\/Zertifizierung.png\"},{\"@type\":\"BreadcrumbList\",\"@id\":\"https:\\\/\\\/www.esd-akademie.de\\\/en\\\/services\\\/#breadcrumb\",\"itemListElement\":[{\"@type\":\"ListItem\",\"position\":1,\"name\":\"Startseite\",\"item\":\"https:\\\/\\\/www.esd-akademie.de\\\/en\\\/\"},{\"@type\":\"ListItem\",\"position\":2,\"name\":\"Services\"}]},{\"@type\":\"WebSite\",\"@id\":\"https:\\\/\\\/www.esd-akademie.de\\\/en\\\/#website\",\"url\":\"https:\\\/\\\/www.esd-akademie.de\\\/en\\\/\",\"name\":\"www.esd-akademie.de\",\"description\":\"\",\"publisher\":{\"@id\":\"https:\\\/\\\/www.esd-akademie.de\\\/en\\\/#organization\"},\"potentialAction\":[{\"@type\":\"SearchAction\",\"target\":{\"@type\":\"EntryPoint\",\"urlTemplate\":\"https:\\\/\\\/www.esd-akademie.de\\\/en\\\/?s={search_term_string}\"},\"query-input\":{\"@type\":\"PropertyValueSpecification\",\"valueRequired\":true,\"valueName\":\"search_term_string\"}}],\"inLanguage\":\"en-US\"},{\"@type\":\"Organization\",\"@id\":\"https:\\\/\\\/www.esd-akademie.de\\\/en\\\/#organization\",\"name\":\"ESD-Akademie GmbH\",\"url\":\"https:\\\/\\\/www.esd-akademie.de\\\/en\\\/\",\"logo\":{\"@type\":\"ImageObject\",\"inLanguage\":\"en-US\",\"@id\":\"https:\\\/\\\/www.esd-akademie.de\\\/en\\\/#\\\/schema\\\/logo\\\/image\\\/\",\"url\":\"https:\\\/\\\/www.esd-akademie.de\\\/wp-content\\\/uploads\\\/2023\\\/01\\\/logo-akademie.png\",\"contentUrl\":\"https:\\\/\\\/www.esd-akademie.de\\\/wp-content\\\/uploads\\\/2023\\\/01\\\/logo-akademie.png\",\"width\":966,\"height\":275,\"caption\":\"ESD-Akademie GmbH\"},\"image\":{\"@id\":\"https:\\\/\\\/www.esd-akademie.de\\\/en\\\/#\\\/schema\\\/logo\\\/image\\\/\"},\"sameAs\":[\"https:\\\/\\\/www.facebook.com\\\/profile.php?id=100064158392962\"]}]}<\/script>\n<!-- \/ Yoast SEO plugin. -->","yoast_head_json":{"title":"Services - www.esd-akademie.de","robots":{"index":"index","follow":"follow","max-snippet":"max-snippet:-1","max-image-preview":"max-image-preview:large","max-video-preview":"max-video-preview:-1"},"canonical":"https:\/\/www.esd-akademie.de\/en\/services\/","og_locale":"en_US","og_type":"article","og_title":"Services - www.esd-akademie.de","og_description":"Das komplette ESD-Programm: Von A wie Audit &#8230; &#8230; bis Z wie Zertifizierung! ESD-Audits &amp; Zertifizierung mehr Info ESD-Service &amp; Consulting zum Shop ESD-Produkt- Zertifizierung mehr Info Zertifiziert nach DIN EN ISO 9001:2015 Internationales Angebot Schulungen und Workshops f\u00fcr internationale, namhafte Unternehmen Von uns gepr\u00fcfte und zertifizierte Fertigungsanlagen kommen weltweit zum Einsatz Leistungen nach europ\u00e4ischer [&hellip;]","og_url":"https:\/\/www.esd-akademie.de\/en\/services\/","og_site_name":"www.esd-akademie.de","article_publisher":"https:\/\/www.facebook.com\/profile.php?id=100064158392962","article_modified_time":"2023-01-30T10:59:07+00:00","og_image":[{"url":"https:\/\/www.esd-akademie.de\/wp-content\/uploads\/2023\/01\/Zertifizierung.png","type":"","width":"","height":""}],"twitter_card":"summary_large_image","twitter_misc":{"Est. reading time":"2 minutes"},"schema":{"@context":"https:\/\/schema.org","@graph":[{"@type":"WebPage","@id":"https:\/\/www.esd-akademie.de\/en\/services\/","url":"https:\/\/www.esd-akademie.de\/en\/services\/","name":"Services - www.esd-akademie.de","isPartOf":{"@id":"https:\/\/www.esd-akademie.de\/en\/#website"},"primaryImageOfPage":{"@id":"https:\/\/www.esd-akademie.de\/en\/services\/#primaryimage"},"image":{"@id":"https:\/\/www.esd-akademie.de\/en\/services\/#primaryimage"},"thumbnailUrl":"https:\/\/www.esd-akademie.de\/wp-content\/uploads\/2023\/01\/Zertifizierung.png","datePublished":"2023-01-19T12:21:40+00:00","dateModified":"2023-01-30T10:59:07+00:00","breadcrumb":{"@id":"https:\/\/www.esd-akademie.de\/en\/services\/#breadcrumb"},"inLanguage":"en-US","potentialAction":[{"@type":"ReadAction","target":["https:\/\/www.esd-akademie.de\/en\/services\/"]}]},{"@type":"ImageObject","inLanguage":"en-US","@id":"https:\/\/www.esd-akademie.de\/en\/services\/#primaryimage","url":"https:\/\/www.esd-akademie.de\/wp-content\/uploads\/2023\/01\/Zertifizierung.png","contentUrl":"https:\/\/www.esd-akademie.de\/wp-content\/uploads\/2023\/01\/Zertifizierung.png"},{"@type":"BreadcrumbList","@id":"https:\/\/www.esd-akademie.de\/en\/services\/#breadcrumb","itemListElement":[{"@type":"ListItem","position":1,"name":"Startseite","item":"https:\/\/www.esd-akademie.de\/en\/"},{"@type":"ListItem","position":2,"name":"Services"}]},{"@type":"WebSite","@id":"https:\/\/www.esd-akademie.de\/en\/#website","url":"https:\/\/www.esd-akademie.de\/en\/","name":"www.esd-akademie.de","description":"","publisher":{"@id":"https:\/\/www.esd-akademie.de\/en\/#organization"},"potentialAction":[{"@type":"SearchAction","target":{"@type":"EntryPoint","urlTemplate":"https:\/\/www.esd-akademie.de\/en\/?s={search_term_string}"},"query-input":{"@type":"PropertyValueSpecification","valueRequired":true,"valueName":"search_term_string"}}],"inLanguage":"en-US"},{"@type":"Organization","@id":"https:\/\/www.esd-akademie.de\/en\/#organization","name":"ESD-Akademie GmbH","url":"https:\/\/www.esd-akademie.de\/en\/","logo":{"@type":"ImageObject","inLanguage":"en-US","@id":"https:\/\/www.esd-akademie.de\/en\/#\/schema\/logo\/image\/","url":"https:\/\/www.esd-akademie.de\/wp-content\/uploads\/2023\/01\/logo-akademie.png","contentUrl":"https:\/\/www.esd-akademie.de\/wp-content\/uploads\/2023\/01\/logo-akademie.png","width":966,"height":275,"caption":"ESD-Akademie GmbH"},"image":{"@id":"https:\/\/www.esd-akademie.de\/en\/#\/schema\/logo\/image\/"},"sameAs":["https:\/\/www.facebook.com\/profile.php?id=100064158392962"]}]}},"_links":{"self":[{"href":"https:\/\/www.esd-akademie.de\/en\/wp-json\/wp\/v2\/pages\/956","targetHints":{"allow":["GET"]}}],"collection":[{"href":"https:\/\/www.esd-akademie.de\/en\/wp-json\/wp\/v2\/pages"}],"about":[{"href":"https:\/\/www.esd-akademie.de\/en\/wp-json\/wp\/v2\/types\/page"}],"author":[{"embeddable":true,"href":"https:\/\/www.esd-akademie.de\/en\/wp-json\/wp\/v2\/users\/1"}],"replies":[{"embeddable":true,"href":"https:\/\/www.esd-akademie.de\/en\/wp-json\/wp\/v2\/comments?post=956"}],"version-history":[{"count":0,"href":"https:\/\/www.esd-akademie.de\/en\/wp-json\/wp\/v2\/pages\/956\/revisions"}],"wp:attachment":[{"href":"https:\/\/www.esd-akademie.de\/en\/wp-json\/wp\/v2\/media?parent=956"}],"curies":[{"name":"wp","href":"https:\/\/api.w.org\/{rel}","templated":true}]}}