{"id":692,"date":"2023-01-19T15:59:09","date_gmt":"2023-01-19T14:59:09","guid":{"rendered":"https:\/\/www.esd-akademie.de\/?page_id=692"},"modified":"2025-07-01T11:05:21","modified_gmt":"2025-07-01T09:05:21","slug":"esd-produktzertifizierung","status":"publish","type":"page","link":"https:\/\/www.esd-akademie.de\/de\/leistungen\/esd-produktzertifizierung\/","title":{"rendered":"ESD-Produktzertifizierung"},"content":{"rendered":"\t\t<div data-elementor-type=\"wp-page\" data-elementor-id=\"692\" class=\"elementor elementor-692\" data-elementor-post-type=\"page\">\n\t\t\t\t\t\t<section class=\"elementor-section elementor-top-section elementor-element elementor-element-181c72a elementor-section-stretched elementor-section-content-middle elementor-section-height-min-height elementor-section-boxed elementor-section-height-default elementor-section-items-middle\" data-id=\"181c72a\" data-element_type=\"section\" data-e-type=\"section\" data-settings=\"{&quot;stretch_section&quot;:&quot;section-stretched&quot;,&quot;background_background&quot;:&quot;classic&quot;}\">\n\t\t\t\t\t\t<div class=\"elementor-container elementor-column-gap-default\">\n\t\t\t\t\t<div class=\"elementor-column elementor-col-50 elementor-top-column elementor-element elementor-element-15843102\" data-id=\"15843102\" data-element_type=\"column\" data-e-type=\"column\">\n\t\t\t<div class=\"elementor-widget-wrap elementor-element-populated\">\n\t\t\t\t\t\t<section class=\"elementor-section elementor-inner-section elementor-element elementor-element-40013b06 elementor-section-boxed elementor-section-height-default elementor-section-height-default\" data-id=\"40013b06\" data-element_type=\"section\" data-e-type=\"section\">\n\t\t\t\t\t\t<div class=\"elementor-container elementor-column-gap-default\">\n\t\t\t\t\t<div class=\"elementor-column elementor-col-100 elementor-inner-column elementor-element elementor-element-7a0a1d38\" data-id=\"7a0a1d38\" data-element_type=\"column\" data-e-type=\"column\">\n\t\t\t<div class=\"elementor-widget-wrap elementor-element-populated\">\n\t\t\t\t\t\t<div class=\"elementor-element elementor-element-528110f0 elementor-widget__width-auto elementor-widget elementor-widget-heading\" data-id=\"528110f0\" data-element_type=\"widget\" data-e-type=\"widget\" data-widget_type=\"heading.default\">\n\t\t\t\t<div class=\"elementor-widget-container\">\n\t\t\t\t\t<h5 class=\"elementor-heading-title elementor-size-default\">Produktzertifizierung<\/h5>\t\t\t\t<\/div>\n\t\t\t\t<\/div>\n\t\t\t\t<div class=\"elementor-element elementor-element-51453a88 elementor-widget__width-auto elementor-widget elementor-widget-heading\" data-id=\"51453a88\" data-element_type=\"widget\" data-e-type=\"widget\" data-widget_type=\"heading.default\">\n\t\t\t\t<div class=\"elementor-widget-container\">\n\t\t\t\t\t<h2 class=\"elementor-heading-title elementor-size-default\">Wir zertifizieren die Qualit\u00e4t<\/h2>\t\t\t\t<\/div>\n\t\t\t\t<\/div>\n\t\t\t\t<div class=\"elementor-element elementor-element-1622a397 elementor-widget__width-auto elementor-widget elementor-widget-heading\" data-id=\"1622a397\" data-element_type=\"widget\" data-e-type=\"widget\" data-widget_type=\"heading.default\">\n\t\t\t\t<div class=\"elementor-widget-container\">\n\t\t\t\t\t<h5 class=\"elementor-heading-title elementor-size-default\">Ihrer Produkte<\/h5>\t\t\t\t<\/div>\n\t\t\t\t<\/div>\n\t\t\t\t\t<\/div>\n\t\t<\/div>\n\t\t\t\t\t<\/div>\n\t\t<\/section>\n\t\t\t\t\t<\/div>\n\t\t<\/div>\n\t\t\t\t<div class=\"elementor-column elementor-col-50 elementor-top-column elementor-element elementor-element-347e5419\" data-id=\"347e5419\" data-element_type=\"column\" data-e-type=\"column\">\n\t\t\t<div class=\"elementor-widget-wrap\">\n\t\t\t\t\t\t\t<\/div>\n\t\t<\/div>\n\t\t\t\t\t<\/div>\n\t\t<\/section>\n\t\t\t\t<section class=\"elementor-section elementor-top-section elementor-element elementor-element-00a2ab9 elementor-section-boxed elementor-section-height-default elementor-section-height-default\" data-id=\"00a2ab9\" data-element_type=\"section\" data-e-type=\"section\">\n\t\t\t\t\t\t<div class=\"elementor-container elementor-column-gap-default\">\n\t\t\t\t\t<div class=\"elementor-column elementor-col-66 elementor-top-column elementor-element elementor-element-15d3c4d\" data-id=\"15d3c4d\" data-element_type=\"column\" data-e-type=\"column\">\n\t\t\t<div class=\"elementor-widget-wrap elementor-element-populated\">\n\t\t\t\t\t\t<div class=\"elementor-element elementor-element-bf00a79 elementor-widget__width-auto elementor-widget elementor-widget-heading\" data-id=\"bf00a79\" data-element_type=\"widget\" data-e-type=\"widget\" data-widget_type=\"heading.default\">\n\t\t\t\t<div class=\"elementor-widget-container\">\n\t\t\t\t\t<h3 class=\"elementor-heading-title elementor-size-default\">Gepr\u00fcft. Zertifiziert. Vertrauenw\u00fcrdig.<\/h3>\t\t\t\t<\/div>\n\t\t\t\t<\/div>\n\t\t\t\t<div class=\"elementor-element elementor-element-158722b elementor-widget elementor-widget-text-editor\" data-id=\"158722b\" data-element_type=\"widget\" data-e-type=\"widget\" data-widget_type=\"text-editor.default\">\n\t\t\t\t<div class=\"elementor-widget-container\">\n\t\t\t\t\t\t\t\t\t<p><span style=\"font-size: 1.1rem;\">Unser Leistungsspektrum umfasst Produkt- und Typenzertifizierungen sowie die Abnahme von Anlagen und Systemen \u2013 je nach Gr\u00f6\u00dfe direkt bei Ihnen vor Ort oder in unserem eigenen Testlabor.<\/span><\/p><p data-start=\"310\" data-end=\"351\"><strong data-start=\"310\" data-end=\"349\">Ihre Vorteile mit der ESD-Akademie:<\/strong><\/p><ul data-start=\"352\" data-end=\"555\"><li data-start=\"352\" data-end=\"405\"><p data-start=\"354\" data-end=\"405\">Klimasimulation\u00a0<\/p><\/li><li data-start=\"352\" data-end=\"405\"><p data-start=\"354\" data-end=\"405\">Pr\u00fcflabor<\/p><\/li><li data-start=\"406\" data-end=\"448\"><p data-start=\"408\" data-end=\"448\">Akkreditierte &amp; zertifizierte Auditoren<\/p><\/li><li data-start=\"449\" data-end=\"483\"><p data-start=\"451\" data-end=\"483\">High-End Test- und Messtechnik<\/p><\/li><li data-start=\"484\" data-end=\"555\"><p data-start=\"486\" data-end=\"555\">Zertifikate mit hoher Akzeptanz \u2013 u.a. in der Automobilbranche<\/p><\/li><\/ul><p data-start=\"557\" data-end=\"710\" data-is-last-node=\"\" data-is-only-node=\"\">Nach erfolgreicher Pr\u00fcfung erhalten Sie einen detaillierten Pr\u00fcfbericht und das passende Produktzertifikat \u2013 f\u00fcr maximale Sicherheit und klare Nachweise.<\/p>\t\t\t\t\t\t\t\t<\/div>\n\t\t\t\t<\/div>\n\t\t\t\t\t<\/div>\n\t\t<\/div>\n\t\t\t\t<div class=\"elementor-column elementor-col-33 elementor-top-column elementor-element elementor-element-ef323fa\" data-id=\"ef323fa\" data-element_type=\"column\" data-e-type=\"column\">\n\t\t\t<div class=\"elementor-widget-wrap elementor-element-populated\">\n\t\t\t\t\t\t<div class=\"elementor-element elementor-element-d5f4c4e elementor-widget elementor-widget-image\" data-id=\"d5f4c4e\" data-element_type=\"widget\" data-e-type=\"widget\" data-widget_type=\"image.default\">\n\t\t\t\t<div class=\"elementor-widget-container\">\n\t\t\t\t\t\t\t\t\t\t\t\t\t\t\t<img fetchpriority=\"high\" decoding=\"async\" width=\"320\" height=\"320\" src=\"https:\/\/www.esd-akademie.de\/wp-content\/uploads\/2023\/01\/Zertifikate-2.png\" class=\"attachment-large size-large wp-image-697\" alt=\"\" srcset=\"https:\/\/www.esd-akademie.de\/wp-content\/uploads\/2023\/01\/Zertifikate-2.png 320w, https:\/\/www.esd-akademie.de\/wp-content\/uploads\/2023\/01\/Zertifikate-2-300x300.png 300w, https:\/\/www.esd-akademie.de\/wp-content\/uploads\/2023\/01\/Zertifikate-2-150x150.png 150w\" sizes=\"(max-width: 320px) 100vw, 320px\" \/>\t\t\t\t\t\t\t\t\t\t\t\t\t\t\t<\/div>\n\t\t\t\t<\/div>\n\t\t\t\t\t<\/div>\n\t\t<\/div>\n\t\t\t\t\t<\/div>\n\t\t<\/section>\n\t\t\t\t<section class=\"elementor-section elementor-top-section elementor-element elementor-element-fcb2efa elementor-section-boxed elementor-section-height-default elementor-section-height-default\" data-id=\"fcb2efa\" data-element_type=\"section\" data-e-type=\"section\">\n\t\t\t\t\t\t<div class=\"elementor-container elementor-column-gap-no\">\n\t\t\t\t\t<div class=\"elementor-column elementor-col-33 elementor-top-column elementor-element elementor-element-5bea0c59\" data-id=\"5bea0c59\" data-element_type=\"column\" data-e-type=\"column\">\n\t\t\t<div class=\"elementor-widget-wrap elementor-element-populated\">\n\t\t\t\t\t\t<div class=\"elementor-element elementor-element-2026ac0e elementor-widget__width-auto elementor-widget elementor-widget-heading\" data-id=\"2026ac0e\" data-element_type=\"widget\" data-e-type=\"widget\" data-widget_type=\"heading.default\">\n\t\t\t\t<div class=\"elementor-widget-container\">\n\t\t\t\t\t<h5 class=\"elementor-heading-title elementor-size-default\">Warten Sie nicht,<\/h5>\t\t\t\t<\/div>\n\t\t\t\t<\/div>\n\t\t\t\t<div class=\"elementor-element elementor-element-20643155 elementor-widget__width-auto elementor-widget elementor-widget-heading\" data-id=\"20643155\" data-element_type=\"widget\" data-e-type=\"widget\" data-widget_type=\"heading.default\">\n\t\t\t\t<div class=\"elementor-widget-container\">\n\t\t\t\t\t<h5 class=\"elementor-heading-title elementor-size-default\">rufen Sie uns jetzt an:<\/h5>\t\t\t\t<\/div>\n\t\t\t\t<\/div>\n\t\t\t\t\t<\/div>\n\t\t<\/div>\n\t\t\t\t<div class=\"elementor-column elementor-col-33 elementor-top-column elementor-element elementor-element-46eff2ee\" data-id=\"46eff2ee\" data-element_type=\"column\" data-e-type=\"column\" data-settings=\"{&quot;background_background&quot;:&quot;classic&quot;}\">\n\t\t\t<div class=\"elementor-widget-wrap elementor-element-populated\">\n\t\t\t\t\t\t<div class=\"elementor-element elementor-element-27bdebd8 animated-fast elementor-invisible elementor-widget elementor-widget-image\" data-id=\"27bdebd8\" data-element_type=\"widget\" data-e-type=\"widget\" data-settings=\"{&quot;_animation&quot;:&quot;slideInUp&quot;}\" data-widget_type=\"image.default\">\n\t\t\t\t<div class=\"elementor-widget-container\">\n\t\t\t\t\t\t\t\t\t\t\t\t\t\t\t<img decoding=\"async\" width=\"200\" height=\"250\" src=\"https:\/\/www.esd-akademie.de\/wp-content\/uploads\/2024\/07\/Telefon-ESD-Akademie-neu-2024.jpg\" class=\"attachment-large size-large wp-image-3176\" alt=\"\" \/>\t\t\t\t\t\t\t\t\t\t\t\t\t\t\t<\/div>\n\t\t\t\t<\/div>\n\t\t\t\t\t<\/div>\n\t\t<\/div>\n\t\t\t\t<div class=\"elementor-column elementor-col-33 elementor-top-column elementor-element elementor-element-509bbc9c\" data-id=\"509bbc9c\" data-element_type=\"column\" data-e-type=\"column\">\n\t\t\t<div class=\"elementor-widget-wrap elementor-element-populated\">\n\t\t\t\t\t\t<div class=\"elementor-element elementor-element-719b7900 elementor-widget elementor-widget-text-editor\" data-id=\"719b7900\" data-element_type=\"widget\" data-e-type=\"widget\" data-widget_type=\"text-editor.default\">\n\t\t\t\t<div class=\"elementor-widget-container\">\n\t\t\t\t\t\t\t\t\t<a class=\"link-1\" href=\"tel:+4926899287020\">02689 92870-20<\/a>\t\t\t\t\t\t\t\t<\/div>\n\t\t\t\t<\/div>\n\t\t\t\t\t<\/div>\n\t\t<\/div>\n\t\t\t\t\t<\/div>\n\t\t<\/section>\n\t\t\t\t<\/div>\n\t\t","protected":false},"excerpt":{"rendered":"<p>Produktzertifizierung Wir zertifizieren die Qualit\u00e4t Ihrer Produkte Gepr\u00fcft. Zertifiziert. Vertrauenw\u00fcrdig. Unser Leistungsspektrum umfasst Produkt- und Typenzertifizierungen sowie die Abnahme von Anlagen und Systemen \u2013 je nach Gr\u00f6\u00dfe direkt bei Ihnen vor Ort oder in unserem eigenen Testlabor. Ihre Vorteile mit der ESD-Akademie: Klimasimulation\u00a0 Pr\u00fcflabor Akkreditierte &amp; zertifizierte Auditoren High-End Test- und Messtechnik Zertifikate mit hoher [&hellip;]<\/p>\n","protected":false},"author":1,"featured_media":0,"parent":592,"menu_order":3,"comment_status":"closed","ping_status":"closed","template":"","meta":{"footnotes":""},"class_list":["post-692","page","type-page","status-publish","hentry"],"yoast_head":"<!-- This site is optimized with the Yoast SEO plugin v27.4 - https:\/\/yoast.com\/product\/yoast-seo-wordpress\/ -->\n<title>ESD-Produktzertifizierung - www.esd-akademie.de<\/title>\n<meta name=\"description\" content=\"Qualit\u00e4tszertifizierung f\u00fcr Ihre Produkte. Produkt- und Typenzertifizierungen, Pr\u00fcflabor, akkreditierte Auditoren. Erfahren Sie mehr \u00fcber unsere Produktzertifizierung\" \/>\n<meta name=\"robots\" content=\"index, follow, max-snippet:-1, max-image-preview:large, max-video-preview:-1\" \/>\n<link rel=\"canonical\" href=\"https:\/\/www.esd-akademie.de\/de\/leistungen\/esd-produktzertifizierung\/\" \/>\n<meta property=\"og:locale\" content=\"de_DE\" \/>\n<meta property=\"og:type\" content=\"article\" \/>\n<meta property=\"og:title\" content=\"ESD-Produktzertifizierung - www.esd-akademie.de\" \/>\n<meta property=\"og:description\" content=\"Qualit\u00e4tszertifizierung f\u00fcr Ihre Produkte. Produkt- und Typenzertifizierungen, Pr\u00fcflabor, akkreditierte Auditoren. Erfahren Sie mehr \u00fcber unsere Produktzertifizierung\" \/>\n<meta property=\"og:url\" content=\"https:\/\/www.esd-akademie.de\/de\/leistungen\/esd-produktzertifizierung\/\" \/>\n<meta property=\"og:site_name\" content=\"www.esd-akademie.de\" \/>\n<meta property=\"article:publisher\" content=\"https:\/\/www.facebook.com\/profile.php?id=100064158392962\" \/>\n<meta property=\"article:modified_time\" content=\"2025-07-01T09:05:21+00:00\" \/>\n<meta property=\"og:image\" content=\"https:\/\/www.esd-akademie.de\/wp-content\/uploads\/2023\/01\/Zertifikate-2.png\" \/>\n\t<meta property=\"og:image:width\" content=\"320\" \/>\n\t<meta property=\"og:image:height\" content=\"320\" \/>\n\t<meta property=\"og:image:type\" content=\"image\/png\" \/>\n<meta name=\"twitter:card\" content=\"summary_large_image\" \/>\n<meta name=\"twitter:label1\" content=\"Gesch\u00e4tzte Lesezeit\" \/>\n\t<meta name=\"twitter:data1\" content=\"1\u00a0Minute\" \/>\n<script type=\"application\/ld+json\" class=\"yoast-schema-graph\">{\"@context\":\"https:\\\/\\\/schema.org\",\"@graph\":[{\"@type\":\"WebPage\",\"@id\":\"https:\\\/\\\/www.esd-akademie.de\\\/de\\\/leistungen\\\/esd-produktzertifizierung\\\/\",\"url\":\"https:\\\/\\\/www.esd-akademie.de\\\/de\\\/leistungen\\\/esd-produktzertifizierung\\\/\",\"name\":\"ESD-Produktzertifizierung - www.esd-akademie.de\",\"isPartOf\":{\"@id\":\"https:\\\/\\\/www.esd-akademie.de\\\/de\\\/#website\"},\"primaryImageOfPage\":{\"@id\":\"https:\\\/\\\/www.esd-akademie.de\\\/de\\\/leistungen\\\/esd-produktzertifizierung\\\/#primaryimage\"},\"image\":{\"@id\":\"https:\\\/\\\/www.esd-akademie.de\\\/de\\\/leistungen\\\/esd-produktzertifizierung\\\/#primaryimage\"},\"thumbnailUrl\":\"https:\\\/\\\/www.esd-akademie.de\\\/wp-content\\\/uploads\\\/2023\\\/01\\\/Zertifikate-2.png\",\"datePublished\":\"2023-01-19T14:59:09+00:00\",\"dateModified\":\"2025-07-01T09:05:21+00:00\",\"description\":\"Qualit\u00e4tszertifizierung f\u00fcr Ihre Produkte. Produkt- und Typenzertifizierungen, Pr\u00fcflabor, akkreditierte Auditoren. Erfahren Sie mehr \u00fcber unsere Produktzertifizierung\",\"breadcrumb\":{\"@id\":\"https:\\\/\\\/www.esd-akademie.de\\\/de\\\/leistungen\\\/esd-produktzertifizierung\\\/#breadcrumb\"},\"inLanguage\":\"de\",\"potentialAction\":[{\"@type\":\"ReadAction\",\"target\":[\"https:\\\/\\\/www.esd-akademie.de\\\/de\\\/leistungen\\\/esd-produktzertifizierung\\\/\"]}]},{\"@type\":\"ImageObject\",\"inLanguage\":\"de\",\"@id\":\"https:\\\/\\\/www.esd-akademie.de\\\/de\\\/leistungen\\\/esd-produktzertifizierung\\\/#primaryimage\",\"url\":\"https:\\\/\\\/www.esd-akademie.de\\\/wp-content\\\/uploads\\\/2023\\\/01\\\/Zertifikate-2.png\",\"contentUrl\":\"https:\\\/\\\/www.esd-akademie.de\\\/wp-content\\\/uploads\\\/2023\\\/01\\\/Zertifikate-2.png\"},{\"@type\":\"BreadcrumbList\",\"@id\":\"https:\\\/\\\/www.esd-akademie.de\\\/de\\\/leistungen\\\/esd-produktzertifizierung\\\/#breadcrumb\",\"itemListElement\":[{\"@type\":\"ListItem\",\"position\":1,\"name\":\"Startseite\",\"item\":\"https:\\\/\\\/www.esd-akademie.de\\\/de\\\/\"},{\"@type\":\"ListItem\",\"position\":2,\"name\":\"Leistungen\",\"item\":\"https:\\\/\\\/www.esd-akademie.de\\\/de\\\/leistungen\\\/\"},{\"@type\":\"ListItem\",\"position\":3,\"name\":\"ESD-Produktzertifizierung\"}]},{\"@type\":\"WebSite\",\"@id\":\"https:\\\/\\\/www.esd-akademie.de\\\/de\\\/#website\",\"url\":\"https:\\\/\\\/www.esd-akademie.de\\\/de\\\/\",\"name\":\"www.esd-akademie.de\",\"description\":\"\",\"publisher\":{\"@id\":\"https:\\\/\\\/www.esd-akademie.de\\\/de\\\/#organization\"},\"potentialAction\":[{\"@type\":\"SearchAction\",\"target\":{\"@type\":\"EntryPoint\",\"urlTemplate\":\"https:\\\/\\\/www.esd-akademie.de\\\/de\\\/?s={search_term_string}\"},\"query-input\":{\"@type\":\"PropertyValueSpecification\",\"valueRequired\":true,\"valueName\":\"search_term_string\"}}],\"inLanguage\":\"de\"},{\"@type\":\"Organization\",\"@id\":\"https:\\\/\\\/www.esd-akademie.de\\\/de\\\/#organization\",\"name\":\"ESD-Akademie GmbH\",\"url\":\"https:\\\/\\\/www.esd-akademie.de\\\/de\\\/\",\"logo\":{\"@type\":\"ImageObject\",\"inLanguage\":\"de\",\"@id\":\"https:\\\/\\\/www.esd-akademie.de\\\/de\\\/#\\\/schema\\\/logo\\\/image\\\/\",\"url\":\"https:\\\/\\\/www.esd-akademie.de\\\/wp-content\\\/uploads\\\/2023\\\/01\\\/logo-akademie.png\",\"contentUrl\":\"https:\\\/\\\/www.esd-akademie.de\\\/wp-content\\\/uploads\\\/2023\\\/01\\\/logo-akademie.png\",\"width\":966,\"height\":275,\"caption\":\"ESD-Akademie GmbH\"},\"image\":{\"@id\":\"https:\\\/\\\/www.esd-akademie.de\\\/de\\\/#\\\/schema\\\/logo\\\/image\\\/\"},\"sameAs\":[\"https:\\\/\\\/www.facebook.com\\\/profile.php?id=100064158392962\"]}]}<\/script>\n<!-- \/ Yoast SEO plugin. -->","yoast_head_json":{"title":"ESD-Produktzertifizierung - www.esd-akademie.de","description":"Qualit\u00e4tszertifizierung f\u00fcr Ihre Produkte. Produkt- und Typenzertifizierungen, Pr\u00fcflabor, akkreditierte Auditoren. Erfahren Sie mehr \u00fcber unsere Produktzertifizierung","robots":{"index":"index","follow":"follow","max-snippet":"max-snippet:-1","max-image-preview":"max-image-preview:large","max-video-preview":"max-video-preview:-1"},"canonical":"https:\/\/www.esd-akademie.de\/de\/leistungen\/esd-produktzertifizierung\/","og_locale":"de_DE","og_type":"article","og_title":"ESD-Produktzertifizierung - www.esd-akademie.de","og_description":"Qualit\u00e4tszertifizierung f\u00fcr Ihre Produkte. Produkt- und Typenzertifizierungen, Pr\u00fcflabor, akkreditierte Auditoren. Erfahren Sie mehr \u00fcber unsere Produktzertifizierung","og_url":"https:\/\/www.esd-akademie.de\/de\/leistungen\/esd-produktzertifizierung\/","og_site_name":"www.esd-akademie.de","article_publisher":"https:\/\/www.facebook.com\/profile.php?id=100064158392962","article_modified_time":"2025-07-01T09:05:21+00:00","og_image":[{"width":320,"height":320,"url":"https:\/\/www.esd-akademie.de\/wp-content\/uploads\/2023\/01\/Zertifikate-2.png","type":"image\/png"}],"twitter_card":"summary_large_image","twitter_misc":{"Gesch\u00e4tzte Lesezeit":"1\u00a0Minute"},"schema":{"@context":"https:\/\/schema.org","@graph":[{"@type":"WebPage","@id":"https:\/\/www.esd-akademie.de\/de\/leistungen\/esd-produktzertifizierung\/","url":"https:\/\/www.esd-akademie.de\/de\/leistungen\/esd-produktzertifizierung\/","name":"ESD-Produktzertifizierung - www.esd-akademie.de","isPartOf":{"@id":"https:\/\/www.esd-akademie.de\/de\/#website"},"primaryImageOfPage":{"@id":"https:\/\/www.esd-akademie.de\/de\/leistungen\/esd-produktzertifizierung\/#primaryimage"},"image":{"@id":"https:\/\/www.esd-akademie.de\/de\/leistungen\/esd-produktzertifizierung\/#primaryimage"},"thumbnailUrl":"https:\/\/www.esd-akademie.de\/wp-content\/uploads\/2023\/01\/Zertifikate-2.png","datePublished":"2023-01-19T14:59:09+00:00","dateModified":"2025-07-01T09:05:21+00:00","description":"Qualit\u00e4tszertifizierung f\u00fcr Ihre Produkte. Produkt- und Typenzertifizierungen, Pr\u00fcflabor, akkreditierte Auditoren. Erfahren Sie mehr \u00fcber unsere Produktzertifizierung","breadcrumb":{"@id":"https:\/\/www.esd-akademie.de\/de\/leistungen\/esd-produktzertifizierung\/#breadcrumb"},"inLanguage":"de","potentialAction":[{"@type":"ReadAction","target":["https:\/\/www.esd-akademie.de\/de\/leistungen\/esd-produktzertifizierung\/"]}]},{"@type":"ImageObject","inLanguage":"de","@id":"https:\/\/www.esd-akademie.de\/de\/leistungen\/esd-produktzertifizierung\/#primaryimage","url":"https:\/\/www.esd-akademie.de\/wp-content\/uploads\/2023\/01\/Zertifikate-2.png","contentUrl":"https:\/\/www.esd-akademie.de\/wp-content\/uploads\/2023\/01\/Zertifikate-2.png"},{"@type":"BreadcrumbList","@id":"https:\/\/www.esd-akademie.de\/de\/leistungen\/esd-produktzertifizierung\/#breadcrumb","itemListElement":[{"@type":"ListItem","position":1,"name":"Startseite","item":"https:\/\/www.esd-akademie.de\/de\/"},{"@type":"ListItem","position":2,"name":"Leistungen","item":"https:\/\/www.esd-akademie.de\/de\/leistungen\/"},{"@type":"ListItem","position":3,"name":"ESD-Produktzertifizierung"}]},{"@type":"WebSite","@id":"https:\/\/www.esd-akademie.de\/de\/#website","url":"https:\/\/www.esd-akademie.de\/de\/","name":"www.esd-akademie.de","description":"","publisher":{"@id":"https:\/\/www.esd-akademie.de\/de\/#organization"},"potentialAction":[{"@type":"SearchAction","target":{"@type":"EntryPoint","urlTemplate":"https:\/\/www.esd-akademie.de\/de\/?s={search_term_string}"},"query-input":{"@type":"PropertyValueSpecification","valueRequired":true,"valueName":"search_term_string"}}],"inLanguage":"de"},{"@type":"Organization","@id":"https:\/\/www.esd-akademie.de\/de\/#organization","name":"ESD-Akademie GmbH","url":"https:\/\/www.esd-akademie.de\/de\/","logo":{"@type":"ImageObject","inLanguage":"de","@id":"https:\/\/www.esd-akademie.de\/de\/#\/schema\/logo\/image\/","url":"https:\/\/www.esd-akademie.de\/wp-content\/uploads\/2023\/01\/logo-akademie.png","contentUrl":"https:\/\/www.esd-akademie.de\/wp-content\/uploads\/2023\/01\/logo-akademie.png","width":966,"height":275,"caption":"ESD-Akademie GmbH"},"image":{"@id":"https:\/\/www.esd-akademie.de\/de\/#\/schema\/logo\/image\/"},"sameAs":["https:\/\/www.facebook.com\/profile.php?id=100064158392962"]}]}},"_links":{"self":[{"href":"https:\/\/www.esd-akademie.de\/de\/wp-json\/wp\/v2\/pages\/692","targetHints":{"allow":["GET"]}}],"collection":[{"href":"https:\/\/www.esd-akademie.de\/de\/wp-json\/wp\/v2\/pages"}],"about":[{"href":"https:\/\/www.esd-akademie.de\/de\/wp-json\/wp\/v2\/types\/page"}],"author":[{"embeddable":true,"href":"https:\/\/www.esd-akademie.de\/de\/wp-json\/wp\/v2\/users\/1"}],"replies":[{"embeddable":true,"href":"https:\/\/www.esd-akademie.de\/de\/wp-json\/wp\/v2\/comments?post=692"}],"version-history":[{"count":13,"href":"https:\/\/www.esd-akademie.de\/de\/wp-json\/wp\/v2\/pages\/692\/revisions"}],"predecessor-version":[{"id":4314,"href":"https:\/\/www.esd-akademie.de\/de\/wp-json\/wp\/v2\/pages\/692\/revisions\/4314"}],"up":[{"embeddable":true,"href":"https:\/\/www.esd-akademie.de\/de\/wp-json\/wp\/v2\/pages\/592"}],"wp:attachment":[{"href":"https:\/\/www.esd-akademie.de\/de\/wp-json\/wp\/v2\/media?parent=692"}],"curies":[{"name":"wp","href":"https:\/\/api.w.org\/{rel}","templated":true}]}}