{"id":592,"date":"2023-01-19T13:21:40","date_gmt":"2023-01-19T12:21:40","guid":{"rendered":"https:\/\/www.esd-akademie.de\/?page_id=592"},"modified":"2025-09-15T08:47:52","modified_gmt":"2025-09-15T06:47:52","slug":"leistungen","status":"publish","type":"page","link":"https:\/\/www.esd-akademie.de\/de\/leistungen\/","title":{"rendered":"Leistungen"},"content":{"rendered":"\t\t<div data-elementor-type=\"wp-page\" data-elementor-id=\"592\" class=\"elementor elementor-592\" data-elementor-post-type=\"page\">\n\t\t\t\t\t\t<section class=\"elementor-section elementor-top-section elementor-element elementor-element-26ec04c2 elementor-section-stretched elementor-section-content-middle elementor-section-height-min-height elementor-section-boxed elementor-section-height-default elementor-section-items-middle\" data-id=\"26ec04c2\" data-element_type=\"section\" data-e-type=\"section\" data-settings=\"{&quot;stretch_section&quot;:&quot;section-stretched&quot;,&quot;background_background&quot;:&quot;classic&quot;}\">\n\t\t\t\t\t\t<div class=\"elementor-container elementor-column-gap-default\">\n\t\t\t\t\t<div class=\"elementor-column elementor-col-50 elementor-top-column elementor-element elementor-element-63e52b85\" data-id=\"63e52b85\" data-element_type=\"column\" data-e-type=\"column\">\n\t\t\t<div class=\"elementor-widget-wrap elementor-element-populated\">\n\t\t\t\t\t\t<section class=\"elementor-section elementor-inner-section elementor-element elementor-element-74c7614 elementor-section-boxed elementor-section-height-default elementor-section-height-default\" data-id=\"74c7614\" data-element_type=\"section\" data-e-type=\"section\">\n\t\t\t\t\t\t<div class=\"elementor-container elementor-column-gap-default\">\n\t\t\t\t\t<div class=\"elementor-column elementor-col-100 elementor-inner-column elementor-element elementor-element-7274c440\" data-id=\"7274c440\" data-element_type=\"column\" data-e-type=\"column\">\n\t\t\t<div class=\"elementor-widget-wrap elementor-element-populated\">\n\t\t\t\t\t\t<div class=\"elementor-element elementor-element-5295748 elementor-widget elementor-widget-heading\" data-id=\"5295748\" data-element_type=\"widget\" data-e-type=\"widget\" data-widget_type=\"heading.default\">\n\t\t\t\t<div class=\"elementor-widget-container\">\n\t\t\t\t\t<h5 class=\"elementor-heading-title elementor-size-default\">Das komplette ESD-Programm:<\/h5>\t\t\t\t<\/div>\n\t\t\t\t<\/div>\n\t\t\t\t<div class=\"elementor-element elementor-element-1029d46f elementor-widget elementor-widget-heading\" data-id=\"1029d46f\" data-element_type=\"widget\" data-e-type=\"widget\" data-widget_type=\"heading.default\">\n\t\t\t\t<div class=\"elementor-widget-container\">\n\t\t\t\t\t<h2 class=\"elementor-heading-title elementor-size-default\">Von A wie Audit ...<\/h2>\t\t\t\t<\/div>\n\t\t\t\t<\/div>\n\t\t\t\t<div class=\"elementor-element elementor-element-75f1919c elementor-widget elementor-widget-heading\" data-id=\"75f1919c\" data-element_type=\"widget\" data-e-type=\"widget\" data-widget_type=\"heading.default\">\n\t\t\t\t<div class=\"elementor-widget-container\">\n\t\t\t\t\t<h3 class=\"elementor-heading-title elementor-size-default\">... bis Z wie Zertifizierung!<\/h3>\t\t\t\t<\/div>\n\t\t\t\t<\/div>\n\t\t\t\t\t<\/div>\n\t\t<\/div>\n\t\t\t\t\t<\/div>\n\t\t<\/section>\n\t\t\t\t\t<\/div>\n\t\t<\/div>\n\t\t\t\t<div class=\"elementor-column elementor-col-50 elementor-top-column elementor-element elementor-element-1991a0ee\" data-id=\"1991a0ee\" data-element_type=\"column\" data-e-type=\"column\">\n\t\t\t<div class=\"elementor-widget-wrap\">\n\t\t\t\t\t\t\t<\/div>\n\t\t<\/div>\n\t\t\t\t\t<\/div>\n\t\t<\/section>\n\t\t\t\t<section class=\"elementor-section elementor-top-section elementor-element elementor-element-65126b32 elementor-section-boxed elementor-section-height-default elementor-section-height-default\" data-id=\"65126b32\" data-element_type=\"section\" data-e-type=\"section\" data-settings=\"{&quot;background_background&quot;:&quot;classic&quot;}\">\n\t\t\t\t\t\t<div class=\"elementor-container elementor-column-gap-default\">\n\t\t\t\t\t<div class=\"elementor-column elementor-col-33 elementor-top-column elementor-element elementor-element-638362c5\" data-id=\"638362c5\" data-element_type=\"column\" data-e-type=\"column\" data-settings=\"{&quot;background_background&quot;:&quot;classic&quot;}\">\n\t\t\t<div class=\"elementor-widget-wrap elementor-element-populated\">\n\t\t\t\t\t\t<div class=\"elementor-element elementor-element-71c99abd elementor-widget elementor-widget-heading\" data-id=\"71c99abd\" data-element_type=\"widget\" data-e-type=\"widget\" data-widget_type=\"heading.default\">\n\t\t\t\t<div class=\"elementor-widget-container\">\n\t\t\t\t\t<h4 class=\"elementor-heading-title elementor-size-default\">ESD-Audits &amp;\nZertifizierung<\/h4>\t\t\t\t<\/div>\n\t\t\t\t<\/div>\n\t\t\t\t<div class=\"elementor-element elementor-element-7dfadfc1 elementor-widget elementor-widget-image\" data-id=\"7dfadfc1\" data-element_type=\"widget\" data-e-type=\"widget\" data-widget_type=\"image.default\">\n\t\t\t\t<div class=\"elementor-widget-container\">\n\t\t\t\t\t\t\t\t\t\t\t\t\t\t\t<img decoding=\"async\" width=\"158\" height=\"158\" src=\"https:\/\/www.esd-akademie.de\/wp-content\/uploads\/2023\/01\/Zertifizierung.png\" class=\"attachment-large size-large wp-image-46\" alt=\"\" srcset=\"https:\/\/www.esd-akademie.de\/wp-content\/uploads\/2023\/01\/Zertifizierung.png 158w, https:\/\/www.esd-akademie.de\/wp-content\/uploads\/2023\/01\/Zertifizierung-150x150.png 150w\" sizes=\"(max-width: 158px) 100vw, 158px\" \/>\t\t\t\t\t\t\t\t\t\t\t\t\t\t\t<\/div>\n\t\t\t\t<\/div>\n\t\t\t\t<div class=\"elementor-element elementor-element-5dfbab77 elementor-align-center elementor-widget elementor-widget-button\" data-id=\"5dfbab77\" data-element_type=\"widget\" data-e-type=\"widget\" data-widget_type=\"button.default\">\n\t\t\t\t<div class=\"elementor-widget-container\">\n\t\t\t\t\t\t\t\t\t<div class=\"elementor-button-wrapper\">\n\t\t\t\t\t<a class=\"elementor-button elementor-button-link elementor-size-sm\" href=\"https:\/\/www.esd-akademie.de\/de\/leistungen\/esd-audits-und-zertifizierung\/\">\n\t\t\t\t\t\t<span class=\"elementor-button-content-wrapper\">\n\t\t\t\t\t\t\t\t\t<span class=\"elementor-button-text\">mehr Info<\/span>\n\t\t\t\t\t<\/span>\n\t\t\t\t\t<\/a>\n\t\t\t\t<\/div>\n\t\t\t\t\t\t\t\t<\/div>\n\t\t\t\t<\/div>\n\t\t\t\t\t<\/div>\n\t\t<\/div>\n\t\t\t\t<div class=\"elementor-column elementor-col-33 elementor-top-column elementor-element elementor-element-105a6ce4\" data-id=\"105a6ce4\" data-element_type=\"column\" data-e-type=\"column\" data-settings=\"{&quot;background_background&quot;:&quot;classic&quot;}\">\n\t\t\t<div class=\"elementor-widget-wrap elementor-element-populated\">\n\t\t\t\t\t\t<div class=\"elementor-element elementor-element-1c7c00d9 elementor-widget elementor-widget-heading\" data-id=\"1c7c00d9\" data-element_type=\"widget\" data-e-type=\"widget\" data-widget_type=\"heading.default\">\n\t\t\t\t<div class=\"elementor-widget-container\">\n\t\t\t\t\t<h4 class=\"elementor-heading-title elementor-size-default\">ESD-Beratung<br>\n&amp; Optimierung<\/h4>\t\t\t\t<\/div>\n\t\t\t\t<\/div>\n\t\t\t\t<div class=\"elementor-element elementor-element-e7a43de elementor-widget elementor-widget-image\" data-id=\"e7a43de\" data-element_type=\"widget\" data-e-type=\"widget\" data-widget_type=\"image.default\">\n\t\t\t\t<div class=\"elementor-widget-container\">\n\t\t\t\t\t\t\t\t\t\t\t\t\t\t\t<img decoding=\"async\" width=\"158\" height=\"158\" src=\"https:\/\/www.esd-akademie.de\/wp-content\/uploads\/2023\/01\/csm_Consulting-online_b5e0510612.png\" class=\"attachment-large size-large wp-image-48\" alt=\"\" srcset=\"https:\/\/www.esd-akademie.de\/wp-content\/uploads\/2023\/01\/csm_Consulting-online_b5e0510612.png 158w, https:\/\/www.esd-akademie.de\/wp-content\/uploads\/2023\/01\/csm_Consulting-online_b5e0510612-150x150.png 150w\" sizes=\"(max-width: 158px) 100vw, 158px\" \/>\t\t\t\t\t\t\t\t\t\t\t\t\t\t\t<\/div>\n\t\t\t\t<\/div>\n\t\t\t\t<div class=\"elementor-element elementor-element-3cd247d elementor-align-center elementor-widget elementor-widget-button\" data-id=\"3cd247d\" data-element_type=\"widget\" data-e-type=\"widget\" data-widget_type=\"button.default\">\n\t\t\t\t<div class=\"elementor-widget-container\">\n\t\t\t\t\t\t\t\t\t<div class=\"elementor-button-wrapper\">\n\t\t\t\t\t<a class=\"elementor-button elementor-button-link elementor-size-sm\" href=\"https:\/\/www.esd-akademie.de\/de\/leistungen\/esd-service-und-consulting\/\">\n\t\t\t\t\t\t<span class=\"elementor-button-content-wrapper\">\n\t\t\t\t\t\t\t\t\t<span class=\"elementor-button-text\">mehr Info<\/span>\n\t\t\t\t\t<\/span>\n\t\t\t\t\t<\/a>\n\t\t\t\t<\/div>\n\t\t\t\t\t\t\t\t<\/div>\n\t\t\t\t<\/div>\n\t\t\t\t\t<\/div>\n\t\t<\/div>\n\t\t\t\t<div class=\"elementor-column elementor-col-33 elementor-top-column elementor-element elementor-element-62105559\" data-id=\"62105559\" data-element_type=\"column\" data-e-type=\"column\" data-settings=\"{&quot;background_background&quot;:&quot;classic&quot;}\">\n\t\t\t<div class=\"elementor-widget-wrap elementor-element-populated\">\n\t\t\t\t\t\t<div class=\"elementor-element elementor-element-187b74df elementor-widget elementor-widget-heading\" data-id=\"187b74df\" data-element_type=\"widget\" data-e-type=\"widget\" data-widget_type=\"heading.default\">\n\t\t\t\t<div class=\"elementor-widget-container\">\n\t\t\t\t\t<h4 class=\"elementor-heading-title elementor-size-default\">ESD-Produkt-\nZertifizierung<\/h4>\t\t\t\t<\/div>\n\t\t\t\t<\/div>\n\t\t\t\t<div class=\"elementor-element elementor-element-65d8ce04 elementor-widget elementor-widget-image\" data-id=\"65d8ce04\" data-element_type=\"widget\" data-e-type=\"widget\" data-widget_type=\"image.default\">\n\t\t\t\t<div class=\"elementor-widget-container\">\n\t\t\t\t\t\t\t\t\t\t\t\t\t\t\t<img decoding=\"async\" width=\"158\" height=\"158\" src=\"https:\/\/www.esd-akademie.de\/wp-content\/uploads\/2023\/01\/Produktzertifizierung.png\" class=\"attachment-large size-large wp-image-50\" alt=\"\" srcset=\"https:\/\/www.esd-akademie.de\/wp-content\/uploads\/2023\/01\/Produktzertifizierung.png 158w, https:\/\/www.esd-akademie.de\/wp-content\/uploads\/2023\/01\/Produktzertifizierung-150x150.png 150w\" sizes=\"(max-width: 158px) 100vw, 158px\" \/>\t\t\t\t\t\t\t\t\t\t\t\t\t\t\t<\/div>\n\t\t\t\t<\/div>\n\t\t\t\t<div class=\"elementor-element elementor-element-4d5ace63 elementor-align-center elementor-widget elementor-widget-button\" data-id=\"4d5ace63\" data-element_type=\"widget\" data-e-type=\"widget\" data-widget_type=\"button.default\">\n\t\t\t\t<div class=\"elementor-widget-container\">\n\t\t\t\t\t\t\t\t\t<div class=\"elementor-button-wrapper\">\n\t\t\t\t\t<a class=\"elementor-button elementor-button-link elementor-size-sm\" href=\"https:\/\/www.esd-akademie.de\/de\/leistungen\/esd-produktzertifizierung\/\">\n\t\t\t\t\t\t<span class=\"elementor-button-content-wrapper\">\n\t\t\t\t\t\t\t\t\t<span class=\"elementor-button-text\">mehr Info<\/span>\n\t\t\t\t\t<\/span>\n\t\t\t\t\t<\/a>\n\t\t\t\t<\/div>\n\t\t\t\t\t\t\t\t<\/div>\n\t\t\t\t<\/div>\n\t\t\t\t\t<\/div>\n\t\t<\/div>\n\t\t\t\t\t<\/div>\n\t\t<\/section>\n\t\t\t\t<section class=\"elementor-section elementor-top-section elementor-element elementor-element-4ca946bd elementor-section-height-min-height elementor-section-boxed elementor-section-height-default elementor-section-items-middle\" data-id=\"4ca946bd\" data-element_type=\"section\" data-e-type=\"section\" data-settings=\"{&quot;background_background&quot;:&quot;classic&quot;}\">\n\t\t\t\t\t\t<div class=\"elementor-container elementor-column-gap-default\">\n\t\t\t\t\t<div class=\"elementor-column elementor-col-100 elementor-top-column elementor-element elementor-element-7eaf7cca\" data-id=\"7eaf7cca\" data-element_type=\"column\" data-e-type=\"column\">\n\t\t\t<div class=\"elementor-widget-wrap elementor-element-populated\">\n\t\t\t\t\t\t<div class=\"elementor-element elementor-element-375a1175 elementor-widget elementor-widget-text-editor\" data-id=\"375a1175\" data-element_type=\"widget\" data-e-type=\"widget\" data-widget_type=\"text-editor.default\">\n\t\t\t\t<div class=\"elementor-widget-container\">\n\t\t\t\t\t\t\t\t\t<p><strong><a class=\"link-underline\" href=\"https:\/\/www.esd-akademie.de\/de\/ueber-uns\/#c4862\">Zertifiziert nach DIN EN ISO 9001:2015<\/a><\/strong><\/p>\t\t\t\t\t\t\t\t<\/div>\n\t\t\t\t<\/div>\n\t\t\t\t\t<\/div>\n\t\t<\/div>\n\t\t\t\t\t<\/div>\n\t\t<\/section>\n\t\t\t\t<section class=\"elementor-section elementor-top-section elementor-element elementor-element-aa22a28 elementor-section-boxed elementor-section-height-default elementor-section-height-default\" data-id=\"aa22a28\" data-element_type=\"section\" data-e-type=\"section\">\n\t\t\t\t\t\t<div class=\"elementor-container elementor-column-gap-default\">\n\t\t\t\t\t<div class=\"elementor-column elementor-col-100 elementor-top-column elementor-element elementor-element-0a627c6\" data-id=\"0a627c6\" data-element_type=\"column\" data-e-type=\"column\">\n\t\t\t<div class=\"elementor-widget-wrap elementor-element-populated\">\n\t\t\t\t\t\t<div class=\"elementor-element elementor-element-b4d15af elementor-widget elementor-widget-heading\" data-id=\"b4d15af\" data-element_type=\"widget\" data-e-type=\"widget\" data-widget_type=\"heading.default\">\n\t\t\t\t<div class=\"elementor-widget-container\">\n\t\t\t\t\t<h5 class=\"elementor-heading-title elementor-size-default\">Kalibrier-Service<\/h5>\t\t\t\t<\/div>\n\t\t\t\t<\/div>\n\t\t\t\t<div class=\"elementor-element elementor-element-dfcb6e8 elementor-widget elementor-widget-text-editor\" data-id=\"dfcb6e8\" data-element_type=\"widget\" data-e-type=\"widget\" data-widget_type=\"text-editor.default\">\n\t\t\t\t<div class=\"elementor-widget-container\">\n\t\t\t\t\t\t\t\t\t<p>Wir kalibrieren Ihre ESD-Mess- und Pr\u00fcfger\u00e4te (auch Fremdfabrikate) nach Herstellervorgaben in unserem Pr\u00fcflabor.<\/p><p>In vielen Bereichen, in denen ESD-Messger\u00e4te verwendet werden, ist es wichtig, dass diese regelm\u00e4\u00dfig (meist alle 1-2 Jahre) gepr\u00fcft und eingestellt werden.<\/p><p><strong>Typische ESD-Messger\u00e4te, die kalibriert werden m\u00fcssen<\/strong>:<\/p><ul><li><strong>Hoch-Ohm-Meter\/ Widerstandsmessger\u00e4te<br \/><\/strong><\/li><li><strong>Ionisatoren<\/strong><\/li><li><strong>Feldmeter<br \/><\/strong><\/li><li><strong>Personenpr\u00fcfger\u00e4te\/ PGT<br \/><\/strong><\/li><\/ul>\t\t\t\t\t\t\t\t<\/div>\n\t\t\t\t<\/div>\n\t\t\t\t\t<\/div>\n\t\t<\/div>\n\t\t\t\t\t<\/div>\n\t\t<\/section>\n\t\t\t\t<\/div>\n\t\t","protected":false},"excerpt":{"rendered":"<p>Das komplette ESD-Programm: Von A wie Audit &#8230; &#8230; bis Z wie Zertifizierung! ESD-Audits &amp; Zertifizierung mehr Info ESD-Beratung &amp; Optimierung mehr Info ESD-Produkt- Zertifizierung mehr Info Zertifiziert nach DIN EN ISO 9001:2015 Kalibrier-Service Wir kalibrieren Ihre ESD-Mess- und Pr\u00fcfger\u00e4te (auch Fremdfabrikate) nach Herstellervorgaben in unserem Pr\u00fcflabor. In vielen Bereichen, in denen ESD-Messger\u00e4te verwendet werden, [&hellip;]<\/p>\n","protected":false},"author":1,"featured_media":0,"parent":0,"menu_order":0,"comment_status":"closed","ping_status":"closed","template":"","meta":{"footnotes":""},"class_list":["post-592","page","type-page","status-publish","hentry"],"yoast_head":"<!-- This site is optimized with the Yoast SEO plugin v27.5 - https:\/\/yoast.com\/product\/yoast-seo-wordpress\/ -->\n<title>Leistungen - ESD-Akademie<\/title>\n<meta name=\"description\" content=\"Schulungen und Workshops f\u00fcr internationale, namhafte Unternehmen \u00b7 Von uns gepr\u00fcfte und zertifizierte Fertigungsanlagen kommen weltweit zum Einsatz\" \/>\n<meta name=\"robots\" content=\"index, follow, max-snippet:-1, max-image-preview:large, max-video-preview:-1\" \/>\n<link rel=\"canonical\" href=\"https:\/\/www.esd-akademie.de\/de\/leistungen\/\" \/>\n<meta property=\"og:locale\" content=\"de_DE\" \/>\n<meta property=\"og:type\" content=\"article\" \/>\n<meta property=\"og:title\" content=\"Leistungen - ESD-Akademie\" \/>\n<meta property=\"og:description\" content=\"Schulungen und Workshops f\u00fcr internationale, namhafte Unternehmen \u00b7 Von uns gepr\u00fcfte und zertifizierte Fertigungsanlagen kommen weltweit zum Einsatz\" \/>\n<meta property=\"og:url\" content=\"https:\/\/www.esd-akademie.de\/de\/leistungen\/\" \/>\n<meta property=\"og:site_name\" content=\"www.esd-akademie.de\" \/>\n<meta property=\"article:publisher\" content=\"https:\/\/www.facebook.com\/profile.php?id=100064158392962\" \/>\n<meta property=\"article:modified_time\" content=\"2025-09-15T06:47:52+00:00\" \/>\n<meta property=\"og:image\" content=\"https:\/\/www.esd-akademie.de\/wp-content\/uploads\/2023\/01\/Zertifizierung.png\" \/>\n\t<meta property=\"og:image:width\" content=\"158\" \/>\n\t<meta property=\"og:image:height\" content=\"158\" \/>\n\t<meta property=\"og:image:type\" content=\"image\/png\" \/>\n<meta name=\"twitter:card\" content=\"summary_large_image\" \/>\n<meta name=\"twitter:label1\" content=\"Gesch\u00e4tzte Lesezeit\" \/>\n\t<meta name=\"twitter:data1\" content=\"1\u00a0Minute\" \/>\n<script type=\"application\/ld+json\" class=\"yoast-schema-graph\">{\"@context\":\"https:\\\/\\\/schema.org\",\"@graph\":[{\"@type\":\"WebPage\",\"@id\":\"https:\\\/\\\/www.esd-akademie.de\\\/de\\\/leistungen\\\/\",\"url\":\"https:\\\/\\\/www.esd-akademie.de\\\/de\\\/leistungen\\\/\",\"name\":\"Leistungen - ESD-Akademie\",\"isPartOf\":{\"@id\":\"https:\\\/\\\/www.esd-akademie.de\\\/de\\\/#website\"},\"primaryImageOfPage\":{\"@id\":\"https:\\\/\\\/www.esd-akademie.de\\\/de\\\/leistungen\\\/#primaryimage\"},\"image\":{\"@id\":\"https:\\\/\\\/www.esd-akademie.de\\\/de\\\/leistungen\\\/#primaryimage\"},\"thumbnailUrl\":\"https:\\\/\\\/www.esd-akademie.de\\\/wp-content\\\/uploads\\\/2023\\\/01\\\/Zertifizierung.png\",\"datePublished\":\"2023-01-19T12:21:40+00:00\",\"dateModified\":\"2025-09-15T06:47:52+00:00\",\"description\":\"Schulungen und Workshops f\u00fcr internationale, namhafte Unternehmen \u00b7 Von uns gepr\u00fcfte und zertifizierte Fertigungsanlagen kommen weltweit zum Einsatz\",\"breadcrumb\":{\"@id\":\"https:\\\/\\\/www.esd-akademie.de\\\/de\\\/leistungen\\\/#breadcrumb\"},\"inLanguage\":\"de\",\"potentialAction\":[{\"@type\":\"ReadAction\",\"target\":[\"https:\\\/\\\/www.esd-akademie.de\\\/de\\\/leistungen\\\/\"]}]},{\"@type\":\"ImageObject\",\"inLanguage\":\"de\",\"@id\":\"https:\\\/\\\/www.esd-akademie.de\\\/de\\\/leistungen\\\/#primaryimage\",\"url\":\"https:\\\/\\\/www.esd-akademie.de\\\/wp-content\\\/uploads\\\/2023\\\/01\\\/Zertifizierung.png\",\"contentUrl\":\"https:\\\/\\\/www.esd-akademie.de\\\/wp-content\\\/uploads\\\/2023\\\/01\\\/Zertifizierung.png\"},{\"@type\":\"BreadcrumbList\",\"@id\":\"https:\\\/\\\/www.esd-akademie.de\\\/de\\\/leistungen\\\/#breadcrumb\",\"itemListElement\":[{\"@type\":\"ListItem\",\"position\":1,\"name\":\"Startseite\",\"item\":\"https:\\\/\\\/www.esd-akademie.de\\\/de\\\/\"},{\"@type\":\"ListItem\",\"position\":2,\"name\":\"Leistungen\"}]},{\"@type\":\"WebSite\",\"@id\":\"https:\\\/\\\/www.esd-akademie.de\\\/de\\\/#website\",\"url\":\"https:\\\/\\\/www.esd-akademie.de\\\/de\\\/\",\"name\":\"www.esd-akademie.de\",\"description\":\"\",\"publisher\":{\"@id\":\"https:\\\/\\\/www.esd-akademie.de\\\/de\\\/#organization\"},\"potentialAction\":[{\"@type\":\"SearchAction\",\"target\":{\"@type\":\"EntryPoint\",\"urlTemplate\":\"https:\\\/\\\/www.esd-akademie.de\\\/de\\\/?s={search_term_string}\"},\"query-input\":{\"@type\":\"PropertyValueSpecification\",\"valueRequired\":true,\"valueName\":\"search_term_string\"}}],\"inLanguage\":\"de\"},{\"@type\":\"Organization\",\"@id\":\"https:\\\/\\\/www.esd-akademie.de\\\/de\\\/#organization\",\"name\":\"ESD-Akademie GmbH\",\"url\":\"https:\\\/\\\/www.esd-akademie.de\\\/de\\\/\",\"logo\":{\"@type\":\"ImageObject\",\"inLanguage\":\"de\",\"@id\":\"https:\\\/\\\/www.esd-akademie.de\\\/de\\\/#\\\/schema\\\/logo\\\/image\\\/\",\"url\":\"https:\\\/\\\/www.esd-akademie.de\\\/wp-content\\\/uploads\\\/2023\\\/01\\\/logo-akademie.png\",\"contentUrl\":\"https:\\\/\\\/www.esd-akademie.de\\\/wp-content\\\/uploads\\\/2023\\\/01\\\/logo-akademie.png\",\"width\":966,\"height\":275,\"caption\":\"ESD-Akademie GmbH\"},\"image\":{\"@id\":\"https:\\\/\\\/www.esd-akademie.de\\\/de\\\/#\\\/schema\\\/logo\\\/image\\\/\"},\"sameAs\":[\"https:\\\/\\\/www.facebook.com\\\/profile.php?id=100064158392962\"]}]}<\/script>\n<!-- \/ Yoast SEO plugin. -->","yoast_head_json":{"title":"Leistungen - ESD-Akademie","description":"Schulungen und Workshops f\u00fcr internationale, namhafte Unternehmen \u00b7 Von uns gepr\u00fcfte und zertifizierte Fertigungsanlagen kommen weltweit zum Einsatz","robots":{"index":"index","follow":"follow","max-snippet":"max-snippet:-1","max-image-preview":"max-image-preview:large","max-video-preview":"max-video-preview:-1"},"canonical":"https:\/\/www.esd-akademie.de\/de\/leistungen\/","og_locale":"de_DE","og_type":"article","og_title":"Leistungen - ESD-Akademie","og_description":"Schulungen und Workshops f\u00fcr internationale, namhafte Unternehmen \u00b7 Von uns gepr\u00fcfte und zertifizierte Fertigungsanlagen kommen weltweit zum Einsatz","og_url":"https:\/\/www.esd-akademie.de\/de\/leistungen\/","og_site_name":"www.esd-akademie.de","article_publisher":"https:\/\/www.facebook.com\/profile.php?id=100064158392962","article_modified_time":"2025-09-15T06:47:52+00:00","og_image":[{"width":158,"height":158,"url":"https:\/\/www.esd-akademie.de\/wp-content\/uploads\/2023\/01\/Zertifizierung.png","type":"image\/png"}],"twitter_card":"summary_large_image","twitter_misc":{"Gesch\u00e4tzte Lesezeit":"1\u00a0Minute"},"schema":{"@context":"https:\/\/schema.org","@graph":[{"@type":"WebPage","@id":"https:\/\/www.esd-akademie.de\/de\/leistungen\/","url":"https:\/\/www.esd-akademie.de\/de\/leistungen\/","name":"Leistungen - ESD-Akademie","isPartOf":{"@id":"https:\/\/www.esd-akademie.de\/de\/#website"},"primaryImageOfPage":{"@id":"https:\/\/www.esd-akademie.de\/de\/leistungen\/#primaryimage"},"image":{"@id":"https:\/\/www.esd-akademie.de\/de\/leistungen\/#primaryimage"},"thumbnailUrl":"https:\/\/www.esd-akademie.de\/wp-content\/uploads\/2023\/01\/Zertifizierung.png","datePublished":"2023-01-19T12:21:40+00:00","dateModified":"2025-09-15T06:47:52+00:00","description":"Schulungen und Workshops f\u00fcr internationale, namhafte Unternehmen \u00b7 Von uns gepr\u00fcfte und zertifizierte Fertigungsanlagen kommen weltweit zum Einsatz","breadcrumb":{"@id":"https:\/\/www.esd-akademie.de\/de\/leistungen\/#breadcrumb"},"inLanguage":"de","potentialAction":[{"@type":"ReadAction","target":["https:\/\/www.esd-akademie.de\/de\/leistungen\/"]}]},{"@type":"ImageObject","inLanguage":"de","@id":"https:\/\/www.esd-akademie.de\/de\/leistungen\/#primaryimage","url":"https:\/\/www.esd-akademie.de\/wp-content\/uploads\/2023\/01\/Zertifizierung.png","contentUrl":"https:\/\/www.esd-akademie.de\/wp-content\/uploads\/2023\/01\/Zertifizierung.png"},{"@type":"BreadcrumbList","@id":"https:\/\/www.esd-akademie.de\/de\/leistungen\/#breadcrumb","itemListElement":[{"@type":"ListItem","position":1,"name":"Startseite","item":"https:\/\/www.esd-akademie.de\/de\/"},{"@type":"ListItem","position":2,"name":"Leistungen"}]},{"@type":"WebSite","@id":"https:\/\/www.esd-akademie.de\/de\/#website","url":"https:\/\/www.esd-akademie.de\/de\/","name":"www.esd-akademie.de","description":"","publisher":{"@id":"https:\/\/www.esd-akademie.de\/de\/#organization"},"potentialAction":[{"@type":"SearchAction","target":{"@type":"EntryPoint","urlTemplate":"https:\/\/www.esd-akademie.de\/de\/?s={search_term_string}"},"query-input":{"@type":"PropertyValueSpecification","valueRequired":true,"valueName":"search_term_string"}}],"inLanguage":"de"},{"@type":"Organization","@id":"https:\/\/www.esd-akademie.de\/de\/#organization","name":"ESD-Akademie GmbH","url":"https:\/\/www.esd-akademie.de\/de\/","logo":{"@type":"ImageObject","inLanguage":"de","@id":"https:\/\/www.esd-akademie.de\/de\/#\/schema\/logo\/image\/","url":"https:\/\/www.esd-akademie.de\/wp-content\/uploads\/2023\/01\/logo-akademie.png","contentUrl":"https:\/\/www.esd-akademie.de\/wp-content\/uploads\/2023\/01\/logo-akademie.png","width":966,"height":275,"caption":"ESD-Akademie GmbH"},"image":{"@id":"https:\/\/www.esd-akademie.de\/de\/#\/schema\/logo\/image\/"},"sameAs":["https:\/\/www.facebook.com\/profile.php?id=100064158392962"]}]}},"_links":{"self":[{"href":"https:\/\/www.esd-akademie.de\/de\/wp-json\/wp\/v2\/pages\/592","targetHints":{"allow":["GET"]}}],"collection":[{"href":"https:\/\/www.esd-akademie.de\/de\/wp-json\/wp\/v2\/pages"}],"about":[{"href":"https:\/\/www.esd-akademie.de\/de\/wp-json\/wp\/v2\/types\/page"}],"author":[{"embeddable":true,"href":"https:\/\/www.esd-akademie.de\/de\/wp-json\/wp\/v2\/users\/1"}],"replies":[{"embeddable":true,"href":"https:\/\/www.esd-akademie.de\/de\/wp-json\/wp\/v2\/comments?post=592"}],"version-history":[{"count":73,"href":"https:\/\/www.esd-akademie.de\/de\/wp-json\/wp\/v2\/pages\/592\/revisions"}],"predecessor-version":[{"id":4729,"href":"https:\/\/www.esd-akademie.de\/de\/wp-json\/wp\/v2\/pages\/592\/revisions\/4729"}],"wp:attachment":[{"href":"https:\/\/www.esd-akademie.de\/de\/wp-json\/wp\/v2\/media?parent=592"}],"curies":[{"name":"wp","href":"https:\/\/api.w.org\/{rel}","templated":true}]}}