{"id":252,"date":"2023-01-18T09:32:52","date_gmt":"2023-01-18T08:32:52","guid":{"rendered":"https:\/\/www.esd-akademie.de\/?page_id=252"},"modified":"2025-12-02T09:45:15","modified_gmt":"2025-12-02T08:45:15","slug":"0a-esd-basisschulung-inhouse","status":"publish","type":"page","link":"https:\/\/www.esd-akademie.de\/de\/seminare\/0a-esd-basisschulung-inhouse\/","title":{"rendered":"0a ESD Basisschulung inhouse"},"content":{"rendered":"\t\t<div data-elementor-type=\"wp-page\" data-elementor-id=\"252\" class=\"elementor elementor-252\" data-elementor-post-type=\"page\">\n\t\t\t\t\t\t<section class=\"elementor-section elementor-top-section elementor-element elementor-element-1de1b921 elementor-section-stretched elementor-section-content-middle elementor-section-height-min-height elementor-section-boxed elementor-section-height-default elementor-section-items-middle\" data-id=\"1de1b921\" data-element_type=\"section\" data-e-type=\"section\" data-settings=\"{&quot;stretch_section&quot;:&quot;section-stretched&quot;,&quot;background_background&quot;:&quot;classic&quot;}\">\n\t\t\t\t\t\t<div class=\"elementor-container elementor-column-gap-default\">\n\t\t\t\t\t<div class=\"elementor-column elementor-col-50 elementor-top-column elementor-element elementor-element-91aef9f\" data-id=\"91aef9f\" data-element_type=\"column\" data-e-type=\"column\">\n\t\t\t<div class=\"elementor-widget-wrap elementor-element-populated\">\n\t\t\t\t\t\t<section class=\"elementor-section elementor-inner-section elementor-element elementor-element-2076f1d0 elementor-section-boxed elementor-section-height-default elementor-section-height-default\" data-id=\"2076f1d0\" data-element_type=\"section\" data-e-type=\"section\">\n\t\t\t\t\t\t<div class=\"elementor-container elementor-column-gap-default\">\n\t\t\t\t\t<div class=\"elementor-column elementor-col-100 elementor-inner-column elementor-element elementor-element-8ea0e35\" data-id=\"8ea0e35\" data-element_type=\"column\" data-e-type=\"column\">\n\t\t\t<div class=\"elementor-widget-wrap elementor-element-populated\">\n\t\t\t\t\t\t<div class=\"elementor-element elementor-element-6acec98c elementor-widget__width-auto elementor-widget elementor-widget-heading\" data-id=\"6acec98c\" data-element_type=\"widget\" data-e-type=\"widget\" data-widget_type=\"heading.default\">\n\t\t\t\t<div class=\"elementor-widget-container\">\n\t\t\t\t\t<h5 class=\"elementor-heading-title elementor-size-default\">Einf\u00fchrung in das Thema ESD:<\/h5>\t\t\t\t<\/div>\n\t\t\t\t<\/div>\n\t\t\t\t<div class=\"elementor-element elementor-element-70edf8e3 elementor-widget__width-auto elementor-widget elementor-widget-heading\" data-id=\"70edf8e3\" data-element_type=\"widget\" data-e-type=\"widget\" data-widget_type=\"heading.default\">\n\t\t\t\t<div class=\"elementor-widget-container\">\n\t\t\t\t\t<h2 class=\"elementor-heading-title elementor-size-default\">ESD-Basisschulung inhouse<\/h2>\t\t\t\t<\/div>\n\t\t\t\t<\/div>\n\t\t\t\t<div class=\"elementor-element elementor-element-10f029da elementor-widget__width-auto elementor-widget elementor-widget-heading\" data-id=\"10f029da\" data-element_type=\"widget\" data-e-type=\"widget\" data-widget_type=\"heading.default\">\n\t\t\t\t<div class=\"elementor-widget-container\">\n\t\t\t\t\t<h5 class=\"elementor-heading-title elementor-size-default\">vor Ort in Ihrem Unternehmen<\/h5>\t\t\t\t<\/div>\n\t\t\t\t<\/div>\n\t\t\t\t\t<\/div>\n\t\t<\/div>\n\t\t\t\t\t<\/div>\n\t\t<\/section>\n\t\t\t\t\t<\/div>\n\t\t<\/div>\n\t\t\t\t<div class=\"elementor-column elementor-col-50 elementor-top-column elementor-element elementor-element-2878104f\" data-id=\"2878104f\" data-element_type=\"column\" data-e-type=\"column\">\n\t\t\t<div class=\"elementor-widget-wrap\">\n\t\t\t\t\t\t\t<\/div>\n\t\t<\/div>\n\t\t\t\t\t<\/div>\n\t\t<\/section>\n\t\t\t\t<section class=\"elementor-section elementor-top-section elementor-element elementor-element-e84ce93 elementor-section-boxed elementor-section-height-default elementor-section-height-default\" data-id=\"e84ce93\" data-element_type=\"section\" data-e-type=\"section\">\n\t\t\t\t\t\t<div class=\"elementor-container elementor-column-gap-default\">\n\t\t\t\t\t<div class=\"elementor-column elementor-col-66 elementor-top-column elementor-element elementor-element-318f817\" data-id=\"318f817\" data-element_type=\"column\" data-e-type=\"column\">\n\t\t\t<div class=\"elementor-widget-wrap elementor-element-populated\">\n\t\t\t\t\t\t<div class=\"elementor-element elementor-element-1e07d767 elementor-widget__width-auto elementor-widget elementor-widget-heading\" data-id=\"1e07d767\" data-element_type=\"widget\" data-e-type=\"widget\" data-widget_type=\"heading.default\">\n\t\t\t\t<div class=\"elementor-widget-container\">\n\t\t\t\t\t<h3 class=\"elementor-heading-title elementor-size-default\">ESD-Basisschulung inhouse<\/h3>\t\t\t\t<\/div>\n\t\t\t\t<\/div>\n\t\t\t\t<div class=\"elementor-element elementor-element-0079023 elementor-widget__width-auto elementor-widget elementor-widget-heading\" data-id=\"0079023\" data-element_type=\"widget\" data-e-type=\"widget\" data-widget_type=\"heading.default\">\n\t\t\t\t<div class=\"elementor-widget-container\">\n\t\t\t\t\t<h4 class=\"elementor-heading-title elementor-size-default\">Kundenspezifisch angepasste und kurze Einf\u00fchrung in das Thema ESD<\/h4>\t\t\t\t<\/div>\n\t\t\t\t<\/div>\n\t\t\t\t<div class=\"elementor-element elementor-element-4f5ecdc elementor-widget-divider--view-line elementor-widget elementor-widget-divider\" data-id=\"4f5ecdc\" data-element_type=\"widget\" data-e-type=\"widget\" data-widget_type=\"divider.default\">\n\t\t\t\t<div class=\"elementor-widget-container\">\n\t\t\t\t\t\t\t<div class=\"elementor-divider\">\n\t\t\t<span class=\"elementor-divider-separator\">\n\t\t\t\t\t\t<\/span>\n\t\t<\/div>\n\t\t\t\t\t\t<\/div>\n\t\t\t\t<\/div>\n\t\t\t\t<div class=\"elementor-element elementor-element-7bbb210 elementor-widget elementor-widget-text-editor\" data-id=\"7bbb210\" data-element_type=\"widget\" data-e-type=\"widget\" data-widget_type=\"text-editor.default\">\n\t\t\t\t<div class=\"elementor-widget-container\">\n\t\t\t\t\t\t\t\t\t<p><strong>Grundlage:<\/strong><br \/>ESD-Norm IEC (DIN EN) 61340-5-1<\/p><p><strong>Zielgruppe:<\/strong>\u00a0<br \/>Haupts\u00e4chlich Mitarbeiter welche in ESD-Schutzzonen an ESDS\u00a0operativ t\u00e4tig sind bzw. Personen die ESD-sensitive Bauteile handeln m\u00fcssen.<\/p><p><strong>Erforderliche Qualifikation:<\/strong><br \/>Keine Vorkenntnisse erforderlich<\/p><p><strong>Anzahl der Teilnehmer:<\/strong><br \/>Nach Abstimmung<\/p><p><strong>Agenda:<\/strong><\/p><ul><li>Was ist ESD (Electrostatic Discharge) und was macht ESD so gef\u00e4hrlich f\u00fcr elektronische Komponenten (ESDS = Electrostatic Discharge Sensitive Device)<\/li><li>ESD-Schutzzonen (EPA) = ESD Protected Area und pers\u00f6nliche ESD-Schutzausr\u00fcstung<\/li><li>ESD-sichere Verhaltensweise im Umgang mit ESDS<\/li><li>Kurze Vorf\u00fchrung elektrostatischer Aufladungen und Felder<\/li><\/ul><p>\u00a0<\/p><p><strong>Bitte nehmen Sie f\u00fcr eine Anfrage &amp; Terminabstimmung\u00a0<a href=\"https:\/\/www.esd-akademie.de\/de\/kontakt\/\">Kontakt<\/a>\u00a0mit uns auf. Wir erstellen gerne ein entsprechendes Angebot.<\/strong><\/p>\t\t\t\t\t\t\t\t<\/div>\n\t\t\t\t<\/div>\n\t\t\t\t<div class=\"elementor-element elementor-element-c8d0a42 elementor-widget elementor-widget-button\" data-id=\"c8d0a42\" data-element_type=\"widget\" data-e-type=\"widget\" data-widget_type=\"button.default\">\n\t\t\t\t<div class=\"elementor-widget-container\">\n\t\t\t\t\t\t\t\t\t<div class=\"elementor-button-wrapper\">\n\t\t\t\t\t<a class=\"elementor-button elementor-button-link elementor-size-sm\" href=\"https:\/\/www.esd-akademie.de\/de\/kontakt\/\">\n\t\t\t\t\t\t<span class=\"elementor-button-content-wrapper\">\n\t\t\t\t\t\t\t\t\t<span class=\"elementor-button-text\">Jetzt anfragen<\/span>\n\t\t\t\t\t<\/span>\n\t\t\t\t\t<\/a>\n\t\t\t\t<\/div>\n\t\t\t\t\t\t\t\t<\/div>\n\t\t\t\t<\/div>\n\t\t\t\t\t<\/div>\n\t\t<\/div>\n\t\t\t\t<div class=\"elementor-column elementor-col-33 elementor-top-column elementor-element elementor-element-cf3b31d\" data-id=\"cf3b31d\" data-element_type=\"column\" data-e-type=\"column\" data-settings=\"{&quot;background_background&quot;:&quot;classic&quot;}\">\n\t\t\t<div class=\"elementor-widget-wrap elementor-element-populated\">\n\t\t\t\t\t\t<section class=\"elementor-section elementor-inner-section elementor-element elementor-element-b5659af elementor-section-full_width elementor-section-height-default elementor-section-height-default\" data-id=\"b5659af\" data-element_type=\"section\" data-e-type=\"section\">\n\t\t\t\t\t\t<div class=\"elementor-container elementor-column-gap-no\">\n\t\t\t\t\t<div class=\"elementor-column elementor-col-100 elementor-inner-column elementor-element elementor-element-a1b507f\" data-id=\"a1b507f\" data-element_type=\"column\" data-e-type=\"column\">\n\t\t\t<div class=\"elementor-widget-wrap elementor-element-populated\">\n\t\t\t\t\t\t<div class=\"elementor-element elementor-element-0fbe4c2 elementor-widget__width-auto elementor-widget elementor-widget-heading\" data-id=\"0fbe4c2\" data-element_type=\"widget\" data-e-type=\"widget\" data-widget_type=\"heading.default\">\n\t\t\t\t<div class=\"elementor-widget-container\">\n\t\t\t\t\t<h3 class=\"elementor-heading-title elementor-size-default\">Seminar-Nr.<\/h3>\t\t\t\t<\/div>\n\t\t\t\t<\/div>\n\t\t\t\t<div class=\"elementor-element elementor-element-ac68fb5 elementor-widget elementor-widget-text-editor\" data-id=\"ac68fb5\" data-element_type=\"widget\" data-e-type=\"widget\" data-widget_type=\"text-editor.default\">\n\t\t\t\t<div class=\"elementor-widget-container\">\n\t\t\t\t\t\t\t\t\t<p>0a-BA<\/p>\t\t\t\t\t\t\t\t<\/div>\n\t\t\t\t<\/div>\n\t\t\t\t<div class=\"elementor-element elementor-element-d481eb7 elementor-widget__width-auto elementor-widget elementor-widget-heading\" data-id=\"d481eb7\" data-element_type=\"widget\" data-e-type=\"widget\" data-widget_type=\"heading.default\">\n\t\t\t\t<div class=\"elementor-widget-container\">\n\t\t\t\t\t<h3 class=\"elementor-heading-title elementor-size-default\">Preis<\/h3>\t\t\t\t<\/div>\n\t\t\t\t<\/div>\n\t\t\t\t<div class=\"elementor-element elementor-element-5454dd3 elementor-widget elementor-widget-text-editor\" data-id=\"5454dd3\" data-element_type=\"widget\" data-e-type=\"widget\" data-widget_type=\"text-editor.default\">\n\t\t\t\t<div class=\"elementor-widget-container\">\n\t\t\t\t\t\t\t\t\t<div id=\"c5222\" class=\"frame frame-type-text frame-layout-0\"><p>Preis auf Anfrage<\/p><\/div>\t\t\t\t\t\t\t\t<\/div>\n\t\t\t\t<\/div>\n\t\t\t\t<div class=\"elementor-element elementor-element-9f7ca57 elementor-widget__width-auto elementor-widget elementor-widget-heading\" data-id=\"9f7ca57\" data-element_type=\"widget\" data-e-type=\"widget\" data-widget_type=\"heading.default\">\n\t\t\t\t<div class=\"elementor-widget-container\">\n\t\t\t\t\t<h3 class=\"elementor-heading-title elementor-size-default\">Dauer<\/h3>\t\t\t\t<\/div>\n\t\t\t\t<\/div>\n\t\t\t\t<div class=\"elementor-element elementor-element-a942c18 elementor-widget elementor-widget-text-editor\" data-id=\"a942c18\" data-element_type=\"widget\" data-e-type=\"widget\" data-widget_type=\"text-editor.default\">\n\t\t\t\t<div class=\"elementor-widget-container\">\n\t\t\t\t\t\t\t\t\t<div id=\"c5222\" class=\"frame frame-type-text frame-layout-0\"><p>2\u00a0Stunden<\/p><\/div>\t\t\t\t\t\t\t\t<\/div>\n\t\t\t\t<\/div>\n\t\t\t\t<div class=\"elementor-element elementor-element-61efac5 elementor-widget__width-auto elementor-widget elementor-widget-heading\" data-id=\"61efac5\" data-element_type=\"widget\" data-e-type=\"widget\" data-widget_type=\"heading.default\">\n\t\t\t\t<div class=\"elementor-widget-container\">\n\t\t\t\t\t<h3 class=\"elementor-heading-title elementor-size-default\">Veranstaltungsort<\/h3>\t\t\t\t<\/div>\n\t\t\t\t<\/div>\n\t\t\t\t<div class=\"elementor-element elementor-element-6cc066ff elementor-widget elementor-widget-text-editor\" data-id=\"6cc066ff\" data-element_type=\"widget\" data-e-type=\"widget\" data-widget_type=\"text-editor.default\">\n\t\t\t\t<div class=\"elementor-widget-container\">\n\t\t\t\t\t\t\t\t\t<p>Inhouse-Seminar in Ihrem Unternehmen bzw. auch als interne Firmenveranstaltung im Schulungszentrum der ESD-Akademie in Gro\u00dfmaischeid m\u00f6glich.<\/p>\t\t\t\t\t\t\t\t<\/div>\n\t\t\t\t<\/div>\n\t\t\t\t<div class=\"elementor-element elementor-element-a6896b8 elementor-widget__width-auto elementor-widget elementor-widget-heading\" data-id=\"a6896b8\" data-element_type=\"widget\" data-e-type=\"widget\" data-widget_type=\"heading.default\">\n\t\t\t\t<div class=\"elementor-widget-container\">\n\t\t\t\t\t<h3 class=\"elementor-heading-title elementor-size-default\">Sprache<\/h3>\t\t\t\t<\/div>\n\t\t\t\t<\/div>\n\t\t\t\t<div class=\"elementor-element elementor-element-39bb766 elementor-widget elementor-widget-text-editor\" data-id=\"39bb766\" data-element_type=\"widget\" data-e-type=\"widget\" data-widget_type=\"text-editor.default\">\n\t\t\t\t<div class=\"elementor-widget-container\">\n\t\t\t\t\t\t\t\t\t<div id=\"c5222\" class=\"frame frame-type-text frame-layout-0\"><p>Deutsch<\/p><\/div>\t\t\t\t\t\t\t\t<\/div>\n\t\t\t\t<\/div>\n\t\t\t\t\t<\/div>\n\t\t<\/div>\n\t\t\t\t\t<\/div>\n\t\t<\/section>\n\t\t\t\t\t<\/div>\n\t\t<\/div>\n\t\t\t\t\t<\/div>\n\t\t<\/section>\n\t\t\t\t<section class=\"elementor-section elementor-top-section elementor-element elementor-element-8b42022 elementor-section-height-default elementor-section-boxed elementor-section-height-default\" data-id=\"8b42022\" data-element_type=\"section\" data-e-type=\"section\">\n\t\t\t\t\t\t<div class=\"elementor-container elementor-column-gap-default\">\n\t\t\t\t\t<div class=\"elementor-column elementor-col-100 elementor-inner-column elementor-element elementor-element-e52b0b0\" data-id=\"e52b0b0\" data-element_type=\"column\" data-e-type=\"column\">\n\t\t\t<div class=\"elementor-widget-wrap\">\n\t\t\t\t\t\t\t<\/div>\n\t\t<\/div>\n\t\t\t\t\t<\/div>\n\t\t<\/section>\n\t\t\t\t<\/div>\n\t\t","protected":false},"excerpt":{"rendered":"<p>Einf\u00fchrung in das Thema ESD: ESD-Basisschulung inhouse vor Ort in Ihrem Unternehmen ESD-Basisschulung inhouse Kundenspezifisch angepasste und kurze Einf\u00fchrung in das Thema ESD Grundlage:ESD-Norm IEC (DIN EN) 61340-5-1 Zielgruppe:\u00a0Haupts\u00e4chlich Mitarbeiter welche in ESD-Schutzzonen an ESDS\u00a0operativ t\u00e4tig sind bzw. Personen die ESD-sensitive Bauteile handeln m\u00fcssen. Erforderliche Qualifikation:Keine Vorkenntnisse erforderlich Anzahl der Teilnehmer:Nach Abstimmung Agenda: Was ist [&hellip;]<\/p>\n","protected":false},"author":1,"featured_media":0,"parent":144,"menu_order":1,"comment_status":"closed","ping_status":"closed","template":"","meta":{"footnotes":""},"class_list":["post-252","page","type-page","status-publish","hentry"],"yoast_head":"<!-- This site is optimized with the Yoast SEO plugin v27.5 - https:\/\/yoast.com\/product\/yoast-seo-wordpress\/ -->\n<title>0a ESD Basisschulung inhouse - www.esd-akademie.de<\/title>\n<meta name=\"description\" content=\"ESD-Basisschulung f\u00fcr sicheren Umgang mit ESDS. Keine Vorkenntnisse n\u00f6tig. Schutz f\u00fcr ESD-sensible Bauteile. Praktische Vorf\u00fchrung inklusive\" \/>\n<meta name=\"robots\" content=\"index, follow, max-snippet:-1, max-image-preview:large, max-video-preview:-1\" \/>\n<link rel=\"canonical\" href=\"https:\/\/www.esd-akademie.de\/de\/seminare\/0a-esd-basisschulung-inhouse\/\" \/>\n<meta property=\"og:locale\" content=\"de_DE\" \/>\n<meta property=\"og:type\" content=\"article\" \/>\n<meta property=\"og:title\" content=\"0a ESD Basisschulung inhouse - www.esd-akademie.de\" \/>\n<meta property=\"og:description\" content=\"ESD-Basisschulung f\u00fcr sicheren Umgang mit ESDS. Keine Vorkenntnisse n\u00f6tig. Schutz f\u00fcr ESD-sensible Bauteile. Praktische Vorf\u00fchrung inklusive\" \/>\n<meta property=\"og:url\" content=\"https:\/\/www.esd-akademie.de\/de\/seminare\/0a-esd-basisschulung-inhouse\/\" \/>\n<meta property=\"og:site_name\" content=\"www.esd-akademie.de\" \/>\n<meta property=\"article:publisher\" content=\"https:\/\/www.facebook.com\/profile.php?id=100064158392962\" \/>\n<meta property=\"article:modified_time\" content=\"2025-12-02T08:45:15+00:00\" \/>\n<meta name=\"twitter:card\" content=\"summary_large_image\" \/>\n<meta name=\"twitter:label1\" content=\"Gesch\u00e4tzte Lesezeit\" \/>\n\t<meta name=\"twitter:data1\" content=\"1\u00a0Minute\" \/>\n<script type=\"application\/ld+json\" class=\"yoast-schema-graph\">{\"@context\":\"https:\\\/\\\/schema.org\",\"@graph\":[{\"@type\":\"WebPage\",\"@id\":\"https:\\\/\\\/www.esd-akademie.de\\\/de\\\/seminare\\\/0a-esd-basisschulung-inhouse\\\/\",\"url\":\"https:\\\/\\\/www.esd-akademie.de\\\/de\\\/seminare\\\/0a-esd-basisschulung-inhouse\\\/\",\"name\":\"0a ESD Basisschulung inhouse - www.esd-akademie.de\",\"isPartOf\":{\"@id\":\"https:\\\/\\\/www.esd-akademie.de\\\/de\\\/#website\"},\"datePublished\":\"2023-01-18T08:32:52+00:00\",\"dateModified\":\"2025-12-02T08:45:15+00:00\",\"description\":\"ESD-Basisschulung f\u00fcr sicheren Umgang mit ESDS. Keine Vorkenntnisse n\u00f6tig. Schutz f\u00fcr ESD-sensible Bauteile. Praktische Vorf\u00fchrung inklusive\",\"breadcrumb\":{\"@id\":\"https:\\\/\\\/www.esd-akademie.de\\\/de\\\/seminare\\\/0a-esd-basisschulung-inhouse\\\/#breadcrumb\"},\"inLanguage\":\"de\",\"potentialAction\":[{\"@type\":\"ReadAction\",\"target\":[\"https:\\\/\\\/www.esd-akademie.de\\\/de\\\/seminare\\\/0a-esd-basisschulung-inhouse\\\/\"]}]},{\"@type\":\"BreadcrumbList\",\"@id\":\"https:\\\/\\\/www.esd-akademie.de\\\/de\\\/seminare\\\/0a-esd-basisschulung-inhouse\\\/#breadcrumb\",\"itemListElement\":[{\"@type\":\"ListItem\",\"position\":1,\"name\":\"Startseite\",\"item\":\"https:\\\/\\\/www.esd-akademie.de\\\/de\\\/\"},{\"@type\":\"ListItem\",\"position\":2,\"name\":\"Seminare\",\"item\":\"https:\\\/\\\/www.esd-akademie.de\\\/de\\\/seminare\\\/\"},{\"@type\":\"ListItem\",\"position\":3,\"name\":\"0a ESD Basisschulung inhouse\"}]},{\"@type\":\"WebSite\",\"@id\":\"https:\\\/\\\/www.esd-akademie.de\\\/de\\\/#website\",\"url\":\"https:\\\/\\\/www.esd-akademie.de\\\/de\\\/\",\"name\":\"www.esd-akademie.de\",\"description\":\"\",\"publisher\":{\"@id\":\"https:\\\/\\\/www.esd-akademie.de\\\/de\\\/#organization\"},\"potentialAction\":[{\"@type\":\"SearchAction\",\"target\":{\"@type\":\"EntryPoint\",\"urlTemplate\":\"https:\\\/\\\/www.esd-akademie.de\\\/de\\\/?s={search_term_string}\"},\"query-input\":{\"@type\":\"PropertyValueSpecification\",\"valueRequired\":true,\"valueName\":\"search_term_string\"}}],\"inLanguage\":\"de\"},{\"@type\":\"Organization\",\"@id\":\"https:\\\/\\\/www.esd-akademie.de\\\/de\\\/#organization\",\"name\":\"ESD-Akademie GmbH\",\"url\":\"https:\\\/\\\/www.esd-akademie.de\\\/de\\\/\",\"logo\":{\"@type\":\"ImageObject\",\"inLanguage\":\"de\",\"@id\":\"https:\\\/\\\/www.esd-akademie.de\\\/de\\\/#\\\/schema\\\/logo\\\/image\\\/\",\"url\":\"https:\\\/\\\/www.esd-akademie.de\\\/wp-content\\\/uploads\\\/2023\\\/01\\\/logo-akademie.png\",\"contentUrl\":\"https:\\\/\\\/www.esd-akademie.de\\\/wp-content\\\/uploads\\\/2023\\\/01\\\/logo-akademie.png\",\"width\":966,\"height\":275,\"caption\":\"ESD-Akademie GmbH\"},\"image\":{\"@id\":\"https:\\\/\\\/www.esd-akademie.de\\\/de\\\/#\\\/schema\\\/logo\\\/image\\\/\"},\"sameAs\":[\"https:\\\/\\\/www.facebook.com\\\/profile.php?id=100064158392962\"]}]}<\/script>\n<!-- \/ Yoast SEO plugin. -->","yoast_head_json":{"title":"0a ESD Basisschulung inhouse - www.esd-akademie.de","description":"ESD-Basisschulung f\u00fcr sicheren Umgang mit ESDS. Keine Vorkenntnisse n\u00f6tig. Schutz f\u00fcr ESD-sensible Bauteile. Praktische Vorf\u00fchrung inklusive","robots":{"index":"index","follow":"follow","max-snippet":"max-snippet:-1","max-image-preview":"max-image-preview:large","max-video-preview":"max-video-preview:-1"},"canonical":"https:\/\/www.esd-akademie.de\/de\/seminare\/0a-esd-basisschulung-inhouse\/","og_locale":"de_DE","og_type":"article","og_title":"0a ESD Basisschulung inhouse - www.esd-akademie.de","og_description":"ESD-Basisschulung f\u00fcr sicheren Umgang mit ESDS. Keine Vorkenntnisse n\u00f6tig. Schutz f\u00fcr ESD-sensible Bauteile. Praktische Vorf\u00fchrung inklusive","og_url":"https:\/\/www.esd-akademie.de\/de\/seminare\/0a-esd-basisschulung-inhouse\/","og_site_name":"www.esd-akademie.de","article_publisher":"https:\/\/www.facebook.com\/profile.php?id=100064158392962","article_modified_time":"2025-12-02T08:45:15+00:00","twitter_card":"summary_large_image","twitter_misc":{"Gesch\u00e4tzte Lesezeit":"1\u00a0Minute"},"schema":{"@context":"https:\/\/schema.org","@graph":[{"@type":"WebPage","@id":"https:\/\/www.esd-akademie.de\/de\/seminare\/0a-esd-basisschulung-inhouse\/","url":"https:\/\/www.esd-akademie.de\/de\/seminare\/0a-esd-basisschulung-inhouse\/","name":"0a ESD Basisschulung inhouse - www.esd-akademie.de","isPartOf":{"@id":"https:\/\/www.esd-akademie.de\/de\/#website"},"datePublished":"2023-01-18T08:32:52+00:00","dateModified":"2025-12-02T08:45:15+00:00","description":"ESD-Basisschulung f\u00fcr sicheren Umgang mit ESDS. Keine Vorkenntnisse n\u00f6tig. Schutz f\u00fcr ESD-sensible Bauteile. Praktische Vorf\u00fchrung inklusive","breadcrumb":{"@id":"https:\/\/www.esd-akademie.de\/de\/seminare\/0a-esd-basisschulung-inhouse\/#breadcrumb"},"inLanguage":"de","potentialAction":[{"@type":"ReadAction","target":["https:\/\/www.esd-akademie.de\/de\/seminare\/0a-esd-basisschulung-inhouse\/"]}]},{"@type":"BreadcrumbList","@id":"https:\/\/www.esd-akademie.de\/de\/seminare\/0a-esd-basisschulung-inhouse\/#breadcrumb","itemListElement":[{"@type":"ListItem","position":1,"name":"Startseite","item":"https:\/\/www.esd-akademie.de\/de\/"},{"@type":"ListItem","position":2,"name":"Seminare","item":"https:\/\/www.esd-akademie.de\/de\/seminare\/"},{"@type":"ListItem","position":3,"name":"0a ESD Basisschulung inhouse"}]},{"@type":"WebSite","@id":"https:\/\/www.esd-akademie.de\/de\/#website","url":"https:\/\/www.esd-akademie.de\/de\/","name":"www.esd-akademie.de","description":"","publisher":{"@id":"https:\/\/www.esd-akademie.de\/de\/#organization"},"potentialAction":[{"@type":"SearchAction","target":{"@type":"EntryPoint","urlTemplate":"https:\/\/www.esd-akademie.de\/de\/?s={search_term_string}"},"query-input":{"@type":"PropertyValueSpecification","valueRequired":true,"valueName":"search_term_string"}}],"inLanguage":"de"},{"@type":"Organization","@id":"https:\/\/www.esd-akademie.de\/de\/#organization","name":"ESD-Akademie GmbH","url":"https:\/\/www.esd-akademie.de\/de\/","logo":{"@type":"ImageObject","inLanguage":"de","@id":"https:\/\/www.esd-akademie.de\/de\/#\/schema\/logo\/image\/","url":"https:\/\/www.esd-akademie.de\/wp-content\/uploads\/2023\/01\/logo-akademie.png","contentUrl":"https:\/\/www.esd-akademie.de\/wp-content\/uploads\/2023\/01\/logo-akademie.png","width":966,"height":275,"caption":"ESD-Akademie GmbH"},"image":{"@id":"https:\/\/www.esd-akademie.de\/de\/#\/schema\/logo\/image\/"},"sameAs":["https:\/\/www.facebook.com\/profile.php?id=100064158392962"]}]}},"_links":{"self":[{"href":"https:\/\/www.esd-akademie.de\/de\/wp-json\/wp\/v2\/pages\/252","targetHints":{"allow":["GET"]}}],"collection":[{"href":"https:\/\/www.esd-akademie.de\/de\/wp-json\/wp\/v2\/pages"}],"about":[{"href":"https:\/\/www.esd-akademie.de\/de\/wp-json\/wp\/v2\/types\/page"}],"author":[{"embeddable":true,"href":"https:\/\/www.esd-akademie.de\/de\/wp-json\/wp\/v2\/users\/1"}],"replies":[{"embeddable":true,"href":"https:\/\/www.esd-akademie.de\/de\/wp-json\/wp\/v2\/comments?post=252"}],"version-history":[{"count":19,"href":"https:\/\/www.esd-akademie.de\/de\/wp-json\/wp\/v2\/pages\/252\/revisions"}],"predecessor-version":[{"id":5099,"href":"https:\/\/www.esd-akademie.de\/de\/wp-json\/wp\/v2\/pages\/252\/revisions\/5099"}],"up":[{"embeddable":true,"href":"https:\/\/www.esd-akademie.de\/de\/wp-json\/wp\/v2\/pages\/144"}],"wp:attachment":[{"href":"https:\/\/www.esd-akademie.de\/de\/wp-json\/wp\/v2\/media?parent=252"}],"curies":[{"name":"wp","href":"https:\/\/api.w.org\/{rel}","templated":true}]}}