{"id":2209,"date":"2023-06-22T11:56:38","date_gmt":"2023-06-22T09:56:38","guid":{"rendered":"https:\/\/www.esd-akademie.de\/?page_id=2209"},"modified":"2023-06-22T12:05:20","modified_gmt":"2023-06-22T10:05:20","slug":"agb","status":"publish","type":"page","link":"https:\/\/www.esd-akademie.de\/de\/agb\/","title":{"rendered":"AGB"},"content":{"rendered":"\t\t<div data-elementor-type=\"wp-page\" data-elementor-id=\"2209\" class=\"elementor elementor-2209\" data-elementor-post-type=\"page\">\n\t\t\t\t\t\t<section class=\"elementor-section elementor-top-section elementor-element elementor-element-bc15b8b elementor-section-boxed elementor-section-height-default elementor-section-height-default\" data-id=\"bc15b8b\" data-element_type=\"section\" data-e-type=\"section\">\n\t\t\t\t\t\t<div class=\"elementor-container elementor-column-gap-default\">\n\t\t\t\t\t<div class=\"elementor-column elementor-col-100 elementor-top-column elementor-element elementor-element-c0cbff5\" data-id=\"c0cbff5\" data-element_type=\"column\" data-e-type=\"column\">\n\t\t\t<div class=\"elementor-widget-wrap elementor-element-populated\">\n\t\t\t\t\t\t<div class=\"elementor-element elementor-element-fbd4f94 elementor-widget elementor-widget-text-editor\" data-id=\"fbd4f94\" data-element_type=\"widget\" data-e-type=\"widget\" data-widget_type=\"text-editor.default\">\n\t\t\t\t<div class=\"elementor-widget-container\">\n\t\t\t\t\t\t\t\t\t<h2 class=\"\">Allgemeine Gesch\u00e4ftsbedingungen (AGB)<\/h2><p><span style=\"color: #9c1006;\"><strong>1.0 Allgemeines<\/strong><\/span><br \/>Allen Leistungen von ESD-Akademie (Veranstalter) liegen diese Allgemeinen Gesch\u00e4ftsbedingungen zugrunde.<\/p><p><span style=\"color: #9c1006;\"><strong>2.0 Leistungsgegenstand<\/strong><\/span><br \/>Die ESD-Akademie verpflichtet sich, den Auftraggeber im Rahmen der vereinbarten Seminar-, Schulungs- und Moderationsausbildung zu beraten und zu betreuen.<\/p><p><span style=\"color: #9c1006;\"><strong>3.0 Inhouse-Seminare<\/strong><\/span><br \/>Inhouse-Seminare sind firmeninterne Seminare die bei Ihnen vor Ort durchgef\u00fchrt werden. Schriftlich verfasste Angebote behalten f\u00fcr zwei Monate ihre G\u00fcltigkeit. Es gilt das Datum des Angebots. Der Auftraggeber verpflichtet sich, geeignete R\u00e4umlichkeiten und notwendige technische Hilfsmittel zur Verf\u00fcgung zu stellen, die im Vorfeld mit ESD-Akademie abgesprochen werden. Im \u00dcbrigen gelten in diesen F\u00e4llen die jeweils vereinbarten Regelungen.<\/p><p><span style=\"color: #9c1006;\"><strong>3.1 Kursgeb\u00fchren und sonstige Kosten<\/strong><\/span><br \/>Kursgeb\u00fchren, \u00dcbernachtungs-, Fahrt- bzw. Reisekosten f\u00fcr Inhouse-Seminare werden individuell vereinbart.<\/p><p><span style=\"color: #9c1006;\"><strong>3.2 Zahlungsbedingungen Inhouse-Seminare<\/strong><\/span><br \/>Alle Rechnungsbetr\u00e4ge sind netto (ohne Abzug) innerhalb von 10 Tagen ab Rechnungsdatum zur Zahlung f\u00e4llig. Zahlungen sind f\u00fcr die ESD-Akademie grunds\u00e4tzlich kostenfrei zu leisten. Alle Seminargeb\u00fchren verstehen sich zuz\u00fcglich der zur Zeit der Leistung geltenden Umsatzsteuer. Wird innerhalb des Vertragszeitraumes der Umsatzsteuersatz ge\u00e4ndert, gelten die Zeitr\u00e4ume mit den jeweiligen Umsatzsteuers\u00e4tzen als getrennt vereinbart.<\/p><p><span style=\"color: #9c1006;\"><strong>3.3 Stornierung durch den Auftraggeber\/Stornierung von Inhouse-Seminaren<\/strong><\/span><br \/>Bei schriftlicher Stornierung des Inhouse-Seminares entstehen bis 8 Wochen vor Seminarbeginn keine Kosten. Bei einer Stornierung zwischen 8 Wochen und 2 Wochen vor Seminarbeginn werden 50% der Seminargeb\u00fchr berechnet.\u2028Bei einer Stornierung in den letzten beiden Wochen vor Seminarbeginn wird die gesamte Seminargeb\u00fchr berechnet. Stornierungen k\u00f6nnen nur schriftlich erfolgen. F\u00fcr die Rechtzeitigkeit kommt es auf den Eingang der Stornierung bei der ESD-Akademie an. Der Tag des Seminars wird bei der Berechnung der Rechtzeitigkeit der Stornierung nicht mitgerechnet.<\/p><p><span style=\"color: #9c1006;\"><strong>3.4 Stornierung durch den Veranstalter<\/strong><\/span><br \/>Die ESD-Akademie ist berechtigt, die Veranstaltungen aus wichtigem Grund &#8211; insbesondere bei Erkrankung des Trainers oder bei zu geringer Teilnehmerzahl &#8211; bis zu 3 Tage vor Seminarbeginn abzusagen und Ersatztermine anzubieten. In diesem Fall ist es dem Auftraggeber m\u00f6glich, die Teilnahme f\u00fcr den angebotenen Ersatztermin kostenfrei zu stornieren. Weitergehende Anspr\u00fcche an den Veranstalter bestehen nicht. In begr\u00fcndeten Ausnahmef\u00e4llen kann ein Trainerwechsel oder eine \u00c4nderung des Veranstaltungsablaufes notwendig sein. \u00c4nderungen dieser Art berechtigen weder zum R\u00fccktritt noch zur Minderung des Teilnahmeentgelts.<\/p><p><span style=\"color: #9c1006;\"><strong>3.5 Ersatzanspr\u00fcche<\/strong><\/span><br \/>Bei einer Seminar- oder Trainingsabsage durch ESD-Akademie besteht kein Anspruch auf Ersatz von Reise- und \u00dcbernachtungskosten sowie Arbeitsausfall. F\u00fcr mittelbare Sch\u00e4den, insbesondere entgangener Gewinne oder Anspr\u00fcche Dritter wird nicht gehaftet.<\/p><p><span style=\"color: #9c1006;\"><strong>4.0 Offene Seminare<\/strong><\/span><br \/>Offene Seminare sind Seminare, die auf der Webseite der ESD-Akademie \u00f6ffentlich ausgeschrieben werden. Anmeldungen m\u00fcssen schriftlich, telefonisch oder per E-Mail erfolgen. Da die Teilnehmeranzahl f\u00fcr die Seminare begrenzt ist, werden Anmeldungen in der Reihenfolge ihres Eintreffens ber\u00fccksichtigt. Als Anmeldebest\u00e4tigung erh\u00e4lt der Auftraggeber eine Auftragsbest\u00e4tigung zugesandt. Sp\u00e4testens 6 Wochen vor Seminarbeginn erh\u00e4lt der Auftraggeber eine Rechnung, die innerhalb von 10 Tagen nach Rechnungserstellung f\u00e4llig ist. Die Teilnahmegeb\u00fchr ist immer im Voraus zu leisten. Nur vor Seminarbeginn eingegangene Zahlungen berechtigen zur Seminarteilnahme.<br \/>Ihre Anmeldung wird entsprechend dem Zahlungseingang ber\u00fccksichtigt. Sind keine freien Pl\u00e4tze mehr vorhanden, werden Sie unverz\u00fcglich dar\u00fcber informiert. Nach erfolgtem Seminarbesuch erhalten Sie eine Teilnahmebescheinigung.<\/p><p><span style=\"color: #9c1006;\"><strong>4.1 Kursgeb\u00fchren offene Seminare<\/strong><\/span><br \/>Es gelten die jeweils zum Zeitpunkt der Seminarbuchung g\u00fcltigen Preise. Kursunterlagen und Pausenverpflegung sind im Preis enthalten. Bei der Anmeldung zu offenen Seminaren ist der Rechnungsbetrag sofort f\u00e4llig. Zahlungen sind f\u00fcr ESD-Akademie grunds\u00e4tzlich kostenfrei zu leisten. Alle Seminargeb\u00fchren verstehen sich zuz\u00fcglich der zur Zeit der Leistung geltenden Mehrwertsteuer. Wird innerhalb des Vertragszeitraumes der Mehrwertsteuer ge\u00e4ndert, gelten die Zeitr\u00e4ume mit den jeweiligen Umsatzsteuers\u00e4tzen als getrennt vereinbart. Die Seminargeb\u00fchr beinhaltet das Seminarentgelt, Seminarunterlagen sowie die angegebene Bewirtung. Die Unterkunft ist in der Seminargeb\u00fchr nicht inbegriffen. Werden nur Teile des Seminars besucht, so k\u00f6nnen die vers\u00e4umten Seminartage nicht nachgeholt werden.<\/p><p><span style=\"color: #9c1006;\"><strong>4.2 Zahlungsbedingungen offene Seminare<\/strong><\/span><br \/>Alle Rechnungsbetr\u00e4ge sind netto (ohne Abzug) innerhalb von 10 Tagen ab Rechnungsdatum zur Zahlung f\u00e4llig. Bei der Anmeldung zu offenen Seminaren ist der Rechnungsbetrag im Voraus nach Erhalt der Rechnung innerhalb von 10 Tagen netto (ohne Abzug) f\u00e4llig. Zahlungen sind f\u00fcr ESD-Akademie grunds\u00e4tzlich kostenfrei zu leisten. Alle Seminargeb\u00fchren verstehen sich zuz\u00fcglich der zur Zeit der Leistung geltenden Umsatzsteuer. Wird innerhalb des Vertragszeitraumes der Umsatzsteuersatz ge\u00e4ndert, gelten die Zeitr\u00e4ume mit den jeweiligen Umsatzsteuers\u00e4tzen als getrennt vereinbart.<\/p><p><span style=\"color: #9c1006;\"><strong>4.3 Stornierung durch den Auftraggeber\/Stornierung von offenen Seminaren<\/strong><\/span><br \/>Sollten Sie nicht am Seminar teilnehmen k\u00f6nnen, entstehen Ihnen bei schriftlicher Vorlage der Stornierung bis 8 Wochen vor Seminarbeginn keine Kosten. Bei einer Stornierung zwischen 8 Wochen und 2 Wochen vor Seminarbeginn werden 50% der Seminargeb\u00fchr berechnet. Bei einer Stornierung in den letzten beiden Wochen vor Seminarbeginn wird die gesamte Seminargeb\u00fchr berechnet. Es besteht die M\u00f6glichkeit, einen Ersatzteilnehmer in das Seminar zu entsenden. Stornierungen k\u00f6nnen nur schriftlich erfolgen. F\u00fcr die Rechtzeitigkeit kommt es auf den Eingang der Stornierung bei ESD-Akademie an.<\/p><p><span style=\"color: #9c1006;\"><strong>4.4 Stornierung durch den Veranstalter<\/strong><\/span><br \/>Die ESD-Akademie ist berechtigt, die Veranstaltungen aus wichtigem Grund &#8211; insbesondere bei Erkrankung des Trainers oder bei zu geringer Teilnehmerzahl &#8211; bis zu 3 Tage vor Seminarbeginn abzusagen und Ersatztermine anzubieten. In diesem Fall ist es dem Auftraggeber m\u00f6glich, die Teilnahme f\u00fcr den angebotenen Ersatztermin kostenfrei zu stornieren. Weitergehende Anspr\u00fcche an den Veranstalter bestehen nicht. In begr\u00fcndeten Ausnahmef\u00e4llen kann ein Trainerwechsel oder eine \u00c4nderung des Veranstaltungsablaufes notwendig sein. \u00c4nderungen dieser Art berechtigen weder zum R\u00fccktritt noch zur Minderung des Teilnahmeentgelts.<\/p><p><span style=\"color: #9c1006;\"><strong>4.5 Ersatzanspr\u00fcche<\/strong><\/span><br \/>Bei einer Seminar- oder Trainingsabsage durch ESD-Akademie besteht kein Anspruch auf Ersatz von Reise- und \u00dcbernachtungskosten sowie Arbeitsausfall. F\u00fcr mittelbare Sch\u00e4den, insbesondere entgangener Gewinne oder Anspr\u00fcche Dritter wird nicht gehaftet.<\/p><p><span style=\"color: #9c1006;\"><strong>5.0 Haftung<\/strong><\/span><br \/>ESD-Akademie schlie\u00dft gegen\u00fcber dem Auftraggeber jegliche Haftung f\u00fcr einen Schaden aus, der nicht auf einer grob fahrl\u00e4ssigen oder vors\u00e4tzlichen Pflichtverletzung auch etwaiger Erf\u00fcllungsgehilfen beruht. ESD-Akademie haftet nicht f\u00fcr die Erbringung ihrer geschuldeten Leistung hinaus f\u00fcr eine etwaige Nichterreichung des vom Auftraggeber mit der Eingehung des Vertrages verfolgten Zwecks. Nimmt der Auftraggeber die Leistungen von Kooperationspartnern oder anderen von ESD-Akademie vermittelten Firmen oder Personen in Anspruch, tut er dies auf eigene Verantwortung.<\/p><p>ESD-Akademie \u00fcbernimmt keine Gew\u00e4hrleistung f\u00fcr Waren und Leistungen, die der Klient von diesen erhalten hat. Es besteht eine Betriebshaftpflichtversicherung von ESD-Akademie, um etwaigen gesetzlichen Haftungsanspr\u00fcchen des Auftraggebers zu gen\u00fcgen. Der Auftraggeber hat sich eigenverantwortlich gegen Unf\u00e4lle und Verletzungen, die im Rahmen des Trainings auftreten k\u00f6nnen, zu versichern. Gleiches gilt f\u00fcr den direkten Weg von und zum Trainingsort.<\/p><p><span style=\"color: #9c1006;\"><strong>6.0 Copyright\/Urheberrechte<\/strong><\/span><br \/>S\u00e4mtliche seminarbegleitenden Arbeitsmappen bzw. Unterlagen sind ausschlie\u00dflich zur pers\u00f6nlichen Verwendung bestimmt. Die Kursmaterialien unterliegen dem Urheberrecht und d\u00fcrfen zu keiner Zeit und unter keinen Umst\u00e4nden fotomechanisch oder elektronisch vervielf\u00e4ltigt werden. Jegliche Vervielf\u00e4ltigung, Reproduktion, Verbreitung, Weitergabe an Dritte und anderweitige Nutzung, auch von Teilen der Unterlagen, sind nicht gestattet. Alle Rechte bleiben vorbehalten.<\/p><p><span style=\"color: #9c1006;\"><strong>7.0 Geheimhaltungen<\/strong><\/span><br \/>ESD-Akademie hat \u00fcber alle im Zusammenhang mit der Erf\u00fcllung der Trainings- und Coachingma\u00dfnahmen bekannt gewordenen Informationen des Auftraggebers Stillschweigen zu bewahren &#8211; auch \u00fcber die Beendigung der Rahmenvereinbarung hinaus. Der Auftraggeber verpflichtet sich, \u00fcber etwaige Gesch\u00e4fts- und Betriebsgeheimnisse von ESD-Akademie Stillschweigen zu bewahren- auch \u00fcber die Beendigung der Rahmenvereinbarung hinaus.<\/p><p><span style=\"color: #9c1006;\"><strong>8.0 Sonstige Vereinbarungen<\/strong><\/span><br \/>Beide Parteien erkennen Absprachen und Vereinbarungen zur Buchung von Seminar- und Trainingsma\u00dfnahmen als verbindlich an, sofern diese beiderseitig best\u00e4tigt wurden.<\/p><p><span style=\"color: #9c1006;\"><strong>9.0 Schlussbestimmungen<\/strong><\/span><br \/>Sollte eine Bestimmung dieser Gesch\u00e4ftsbedingungen oder eine Regelung im Rahmen sonstiger Vereinbarungen unwirksam sein oder werden, wird hierdurch die Wirksamkeit aller sonstigen Bestimmungen oder Vereinbarungen nicht ber\u00fchrt. Abweichend ausgehandelte Abmachungen sind nur g\u00fcltig, wenn sie schriftlich vereinbart worden sind. F\u00fcr Auftr\u00e4ge, die durch ESD-Akademie vermittelt, aber von den Lieferanten direkt best\u00e4tigt, geliefert, ausgef\u00fchrt und berechnet werden, gelten die Allgemeinen Gesch\u00e4ftsbedingungen des jeweiligen Lieferanten. Zus\u00e4tzliche oder abweichende Vereinbarungen bed\u00fcrfen der Schriftform. Die Unwirksamkeit einzelner Bestimmungen des Vertrages l\u00e4sst die Wirksamkeit des Vertrages im \u00dcbrigen unber\u00fchrt. Als Gerichtsstand wird Montabaur vereinbart. Es gilt das Recht der Bundesrepublik Deutschland. Stand: 01.03.2014<\/p><p><span style=\"color: #9c1006;\"><strong>10.0 Hinweis gem\u00e4\u00df Teledienstgesetz<\/strong><\/span><br \/>F\u00fcr Websites Dritter, auf die der Herausgeber durch sogenannte Links verweist, tragen die jeweiligen Anbieter die Verantwortung. Der Herausgeber ist f\u00fcr den Inhalt solcher Sites Dritter nicht verantwortlich. Des weiteren kann die Website des Herausgebers ohne dessen Wissen von anderen Websites mittels sogenannter Links angelinkt werden. Der Herausgeber \u00fcbernimmt keine Verantwortung f\u00fcr Darstellungen, Inhalt oder irgendeine Verbindung zur Parteigliederung des Herausgebers in Websites Dritter. F\u00fcr fremde Inhalte ist der Herausgeber nur dann verantwortlich, wenn er von ihnen (d.h. auch von einem rechtswidrigen oder strafbaren Inhalt) positive Kenntnis hat und es dem Herausgeber technisch m\u00f6glich und zumutbar ist, deren Nutzung zu verhindern. Der Herausgeber ist nach dem Teledienstgesetz jedoch nicht verpflichtet, die fremden Inhalte st\u00e4ndig zu \u00fcberpr\u00fcfen. Beachten Sie bitte auch unseren Disclaimer.<\/p><p><span style=\"color: #9c1006;\"><strong>11.0 Salvatorische Klausel<\/strong><\/span><br \/>Sollten eine oder mehrere Bestimmungen der vorstehenden Bestimmungen rechtsunwirksam oder nichtig sein oder werden, wird dadurch die Wirksamkeit der sonstigen Bestimmungen nicht ber\u00fchrt. An Stelle einer rechtsunwirksamen oder nichtigen Bestimmung gilt vielmehr diejenige Bestimmung als vereinbart, die der unwirksamen oder nichtigen Bestimmung in gesetzlich zul\u00e4ssiger Weise am n\u00e4chsten kommt und dem sich aus diesen Bedingungen ergebenden vermuteten Vertragswillen der Parteien entspricht.<\/p>\t\t\t\t\t\t\t\t<\/div>\n\t\t\t\t<\/div>\n\t\t\t\t\t<\/div>\n\t\t<\/div>\n\t\t\t\t\t<\/div>\n\t\t<\/section>\n\t\t\t\t<\/div>\n\t\t","protected":false},"excerpt":{"rendered":"<p>Allgemeine Gesch\u00e4ftsbedingungen (AGB) 1.0 AllgemeinesAllen Leistungen von ESD-Akademie (Veranstalter) liegen diese Allgemeinen Gesch\u00e4ftsbedingungen zugrunde. 2.0 LeistungsgegenstandDie ESD-Akademie verpflichtet sich, den Auftraggeber im Rahmen der vereinbarten Seminar-, Schulungs- und Moderationsausbildung zu beraten und zu betreuen. 3.0 Inhouse-SeminareInhouse-Seminare sind firmeninterne Seminare die bei Ihnen vor Ort durchgef\u00fchrt werden. Schriftlich verfasste Angebote behalten f\u00fcr zwei Monate ihre G\u00fcltigkeit. [&hellip;]<\/p>\n","protected":false},"author":1,"featured_media":0,"parent":0,"menu_order":0,"comment_status":"closed","ping_status":"closed","template":"","meta":{"footnotes":""},"class_list":["post-2209","page","type-page","status-publish","hentry"],"yoast_head":"<!-- This site is optimized with the Yoast SEO plugin v27.3 - https:\/\/yoast.com\/product\/yoast-seo-wordpress\/ -->\n<title>AGB - www.esd-akademie.de<\/title>\n<meta name=\"robots\" content=\"index, follow, max-snippet:-1, max-image-preview:large, max-video-preview:-1\" \/>\n<link rel=\"canonical\" href=\"https:\/\/www.esd-akademie.de\/de\/agb\/\" \/>\n<meta property=\"og:locale\" content=\"de_DE\" \/>\n<meta property=\"og:type\" content=\"article\" \/>\n<meta property=\"og:title\" content=\"AGB - www.esd-akademie.de\" \/>\n<meta property=\"og:description\" content=\"Allgemeine Gesch\u00e4ftsbedingungen (AGB) 1.0 AllgemeinesAllen Leistungen von ESD-Akademie (Veranstalter) liegen diese Allgemeinen Gesch\u00e4ftsbedingungen zugrunde. 2.0 LeistungsgegenstandDie ESD-Akademie verpflichtet sich, den Auftraggeber im Rahmen der vereinbarten Seminar-, Schulungs- und Moderationsausbildung zu beraten und zu betreuen. 3.0 Inhouse-SeminareInhouse-Seminare sind firmeninterne Seminare die bei Ihnen vor Ort durchgef\u00fchrt werden. Schriftlich verfasste Angebote behalten f\u00fcr zwei Monate ihre G\u00fcltigkeit. [&hellip;]\" \/>\n<meta property=\"og:url\" content=\"https:\/\/www.esd-akademie.de\/de\/agb\/\" \/>\n<meta property=\"og:site_name\" content=\"www.esd-akademie.de\" \/>\n<meta property=\"article:publisher\" content=\"https:\/\/www.facebook.com\/profile.php?id=100064158392962\" \/>\n<meta property=\"article:modified_time\" content=\"2023-06-22T10:05:20+00:00\" \/>\n<meta name=\"twitter:card\" content=\"summary_large_image\" \/>\n<meta name=\"twitter:label1\" content=\"Gesch\u00e4tzte Lesezeit\" \/>\n\t<meta name=\"twitter:data1\" content=\"8\u00a0Minuten\" \/>\n<script type=\"application\/ld+json\" class=\"yoast-schema-graph\">{\"@context\":\"https:\\\/\\\/schema.org\",\"@graph\":[{\"@type\":\"WebPage\",\"@id\":\"https:\\\/\\\/www.esd-akademie.de\\\/de\\\/agb\\\/\",\"url\":\"https:\\\/\\\/www.esd-akademie.de\\\/de\\\/agb\\\/\",\"name\":\"AGB - www.esd-akademie.de\",\"isPartOf\":{\"@id\":\"https:\\\/\\\/www.esd-akademie.de\\\/de\\\/#website\"},\"datePublished\":\"2023-06-22T09:56:38+00:00\",\"dateModified\":\"2023-06-22T10:05:20+00:00\",\"breadcrumb\":{\"@id\":\"https:\\\/\\\/www.esd-akademie.de\\\/de\\\/agb\\\/#breadcrumb\"},\"inLanguage\":\"de\",\"potentialAction\":[{\"@type\":\"ReadAction\",\"target\":[\"https:\\\/\\\/www.esd-akademie.de\\\/de\\\/agb\\\/\"]}]},{\"@type\":\"BreadcrumbList\",\"@id\":\"https:\\\/\\\/www.esd-akademie.de\\\/de\\\/agb\\\/#breadcrumb\",\"itemListElement\":[{\"@type\":\"ListItem\",\"position\":1,\"name\":\"Startseite\",\"item\":\"https:\\\/\\\/www.esd-akademie.de\\\/de\\\/\"},{\"@type\":\"ListItem\",\"position\":2,\"name\":\"AGB\"}]},{\"@type\":\"WebSite\",\"@id\":\"https:\\\/\\\/www.esd-akademie.de\\\/de\\\/#website\",\"url\":\"https:\\\/\\\/www.esd-akademie.de\\\/de\\\/\",\"name\":\"www.esd-akademie.de\",\"description\":\"\",\"publisher\":{\"@id\":\"https:\\\/\\\/www.esd-akademie.de\\\/de\\\/#organization\"},\"potentialAction\":[{\"@type\":\"SearchAction\",\"target\":{\"@type\":\"EntryPoint\",\"urlTemplate\":\"https:\\\/\\\/www.esd-akademie.de\\\/de\\\/?s={search_term_string}\"},\"query-input\":{\"@type\":\"PropertyValueSpecification\",\"valueRequired\":true,\"valueName\":\"search_term_string\"}}],\"inLanguage\":\"de\"},{\"@type\":\"Organization\",\"@id\":\"https:\\\/\\\/www.esd-akademie.de\\\/de\\\/#organization\",\"name\":\"ESD-Akademie GmbH\",\"url\":\"https:\\\/\\\/www.esd-akademie.de\\\/de\\\/\",\"logo\":{\"@type\":\"ImageObject\",\"inLanguage\":\"de\",\"@id\":\"https:\\\/\\\/www.esd-akademie.de\\\/de\\\/#\\\/schema\\\/logo\\\/image\\\/\",\"url\":\"https:\\\/\\\/www.esd-akademie.de\\\/wp-content\\\/uploads\\\/2023\\\/01\\\/logo-akademie.png\",\"contentUrl\":\"https:\\\/\\\/www.esd-akademie.de\\\/wp-content\\\/uploads\\\/2023\\\/01\\\/logo-akademie.png\",\"width\":966,\"height\":275,\"caption\":\"ESD-Akademie GmbH\"},\"image\":{\"@id\":\"https:\\\/\\\/www.esd-akademie.de\\\/de\\\/#\\\/schema\\\/logo\\\/image\\\/\"},\"sameAs\":[\"https:\\\/\\\/www.facebook.com\\\/profile.php?id=100064158392962\"]}]}<\/script>\n<!-- \/ Yoast SEO plugin. -->","yoast_head_json":{"title":"AGB - www.esd-akademie.de","robots":{"index":"index","follow":"follow","max-snippet":"max-snippet:-1","max-image-preview":"max-image-preview:large","max-video-preview":"max-video-preview:-1"},"canonical":"https:\/\/www.esd-akademie.de\/de\/agb\/","og_locale":"de_DE","og_type":"article","og_title":"AGB - www.esd-akademie.de","og_description":"Allgemeine Gesch\u00e4ftsbedingungen (AGB) 1.0 AllgemeinesAllen Leistungen von ESD-Akademie (Veranstalter) liegen diese Allgemeinen Gesch\u00e4ftsbedingungen zugrunde. 2.0 LeistungsgegenstandDie ESD-Akademie verpflichtet sich, den Auftraggeber im Rahmen der vereinbarten Seminar-, Schulungs- und Moderationsausbildung zu beraten und zu betreuen. 3.0 Inhouse-SeminareInhouse-Seminare sind firmeninterne Seminare die bei Ihnen vor Ort durchgef\u00fchrt werden. Schriftlich verfasste Angebote behalten f\u00fcr zwei Monate ihre G\u00fcltigkeit. [&hellip;]","og_url":"https:\/\/www.esd-akademie.de\/de\/agb\/","og_site_name":"www.esd-akademie.de","article_publisher":"https:\/\/www.facebook.com\/profile.php?id=100064158392962","article_modified_time":"2023-06-22T10:05:20+00:00","twitter_card":"summary_large_image","twitter_misc":{"Gesch\u00e4tzte Lesezeit":"8\u00a0Minuten"},"schema":{"@context":"https:\/\/schema.org","@graph":[{"@type":"WebPage","@id":"https:\/\/www.esd-akademie.de\/de\/agb\/","url":"https:\/\/www.esd-akademie.de\/de\/agb\/","name":"AGB - www.esd-akademie.de","isPartOf":{"@id":"https:\/\/www.esd-akademie.de\/de\/#website"},"datePublished":"2023-06-22T09:56:38+00:00","dateModified":"2023-06-22T10:05:20+00:00","breadcrumb":{"@id":"https:\/\/www.esd-akademie.de\/de\/agb\/#breadcrumb"},"inLanguage":"de","potentialAction":[{"@type":"ReadAction","target":["https:\/\/www.esd-akademie.de\/de\/agb\/"]}]},{"@type":"BreadcrumbList","@id":"https:\/\/www.esd-akademie.de\/de\/agb\/#breadcrumb","itemListElement":[{"@type":"ListItem","position":1,"name":"Startseite","item":"https:\/\/www.esd-akademie.de\/de\/"},{"@type":"ListItem","position":2,"name":"AGB"}]},{"@type":"WebSite","@id":"https:\/\/www.esd-akademie.de\/de\/#website","url":"https:\/\/www.esd-akademie.de\/de\/","name":"www.esd-akademie.de","description":"","publisher":{"@id":"https:\/\/www.esd-akademie.de\/de\/#organization"},"potentialAction":[{"@type":"SearchAction","target":{"@type":"EntryPoint","urlTemplate":"https:\/\/www.esd-akademie.de\/de\/?s={search_term_string}"},"query-input":{"@type":"PropertyValueSpecification","valueRequired":true,"valueName":"search_term_string"}}],"inLanguage":"de"},{"@type":"Organization","@id":"https:\/\/www.esd-akademie.de\/de\/#organization","name":"ESD-Akademie GmbH","url":"https:\/\/www.esd-akademie.de\/de\/","logo":{"@type":"ImageObject","inLanguage":"de","@id":"https:\/\/www.esd-akademie.de\/de\/#\/schema\/logo\/image\/","url":"https:\/\/www.esd-akademie.de\/wp-content\/uploads\/2023\/01\/logo-akademie.png","contentUrl":"https:\/\/www.esd-akademie.de\/wp-content\/uploads\/2023\/01\/logo-akademie.png","width":966,"height":275,"caption":"ESD-Akademie GmbH"},"image":{"@id":"https:\/\/www.esd-akademie.de\/de\/#\/schema\/logo\/image\/"},"sameAs":["https:\/\/www.facebook.com\/profile.php?id=100064158392962"]}]}},"_links":{"self":[{"href":"https:\/\/www.esd-akademie.de\/de\/wp-json\/wp\/v2\/pages\/2209","targetHints":{"allow":["GET"]}}],"collection":[{"href":"https:\/\/www.esd-akademie.de\/de\/wp-json\/wp\/v2\/pages"}],"about":[{"href":"https:\/\/www.esd-akademie.de\/de\/wp-json\/wp\/v2\/types\/page"}],"author":[{"embeddable":true,"href":"https:\/\/www.esd-akademie.de\/de\/wp-json\/wp\/v2\/users\/1"}],"replies":[{"embeddable":true,"href":"https:\/\/www.esd-akademie.de\/de\/wp-json\/wp\/v2\/comments?post=2209"}],"version-history":[{"count":0,"href":"https:\/\/www.esd-akademie.de\/de\/wp-json\/wp\/v2\/pages\/2209\/revisions"}],"wp:attachment":[{"href":"https:\/\/www.esd-akademie.de\/de\/wp-json\/wp\/v2\/media?parent=2209"}],"curies":[{"name":"wp","href":"https:\/\/api.w.org\/{rel}","templated":true}]}}